{"id":30362,"date":"2021-02-06T20:32:43","date_gmt":"2021-02-06T19:32:43","guid":{"rendered":"https:\/\/edelweiss-panorama.ch\/?page_id=30362"},"modified":"2023-09-04T15:02:50","modified_gmt":"2023-09-04T13:02:50","slug":"residence-suisse","status":"publish","type":"page","link":"https:\/\/edelweiss-panorama.ch\/fr\/swiss-residency\/","title":{"rendered":"R\u00e9sidence suisse"},"content":{"rendered":"<div data-elementor-type=\"wp-page\" data-elementor-id=\"30362\" class=\"elementor elementor-30362\" data-elementor-post-type=\"page\">\n\t\t\t\t\t\t<section class=\"elementor-section elementor-top-section elementor-element elementor-element-94d86ae elementor-section-boxed elementor-section-height-default elementor-section-height-default\" data-id=\"94d86ae\" data-element_type=\"section\" data-e-type=\"section\">\n\t\t\t\t\t\t<div class=\"elementor-container elementor-column-gap-default\">\n\t\t\t\t\t<div class=\"elementor-column elementor-col-100 elementor-top-column elementor-element elementor-element-49c6b03\" data-id=\"49c6b03\" data-element_type=\"column\" data-e-type=\"column\">\n\t\t\t<div class=\"elementor-widget-wrap elementor-element-populated\">\n\t\t\t\t\t\t<div class=\"elementor-element elementor-element-f2882a1 elementor-widget elementor-widget-heading\" data-id=\"f2882a1\" data-element_type=\"widget\" data-e-type=\"widget\" data-widget_type=\"heading.default\">\n\t\t\t\t<div class=\"elementor-widget-container\">\n\t\t\t\t\t<h2 class=\"elementor-heading-title elementor-size-default\">R\u00e9sident suisse<\/h2>\t\t\t\t<\/div>\n\t\t\t\t<\/div>\n\t\t\t\t<div class=\"elementor-element elementor-element-f3344df elementor-widget elementor-widget-spacer\" data-id=\"f3344df\" data-element_type=\"widget\" data-e-type=\"widget\" data-widget_type=\"spacer.default\">\n\t\t\t\t<div class=\"elementor-widget-container\">\n\t\t\t\t\t\t\t<div class=\"elementor-spacer\">\n\t\t\t<div class=\"elementor-spacer-inner\"><\/div>\n\t\t<\/div>\n\t\t\t\t\t\t<\/div>\n\t\t\t\t<\/div>\n\t\t\t\t<div class=\"elementor-element elementor-element-8dc11ea elementor-widget elementor-widget-text-editor\" data-id=\"8dc11ea\" data-element_type=\"widget\" data-e-type=\"widget\" data-widget_type=\"text-editor.default\">\n\t\t\t\t<div class=\"elementor-widget-container\">\n\t\t\t\t\t\t\t\t\t<p>Toutes les nationalit\u00e9s peuvent se rendre en Suisse pour une dur\u00e9e maximale de trois mois. Au-del\u00e0, cela signifie que vous \u00eates \u00e9conomiquement actif dans le pays et cela ne peut \u00eatre autoris\u00e9 que si vous avez un permis de s\u00e9jour.<\/p>\n<div>Le <b>Permis de s\u00e9jour suisse <\/b>n'est pas toujours un permis que l'on obtient pour une simple r\u00e9compense financi\u00e8re. Il est parfois n\u00e9cessaire de d\u00e9montrer son int\u00e9r\u00eat \u00e0 participer \u00e0 la vie professionnelle suisse.<\/div>\n<div>Si votre seul souhait est de venir profiter de la qualit\u00e9 de vie suisse sans y travailler, le forfait fiscal suisse est la meilleure solution mais aussi celle qui vous co\u00fbtera le plus cher. Il impose une charge fiscale annuelle minimale qui varie g\u00e9n\u00e9ralement entre 150 000 et 450 000 francs suisses selon les cantons. Toutefois, Zurich a supprim\u00e9 cette possibilit\u00e9 dans son canton.<\/div>\n<div>&nbsp;<\/div>\n<p>Si vous souhaitez investir en Suisse, il vous est \u00e9galement possible de devenir r\u00e9sident. Ce type de proc\u00e9dure est d\u00e9licat et doit \u00eatre valid\u00e9 par le gouvernement. Chaque cas est diff\u00e9rent et n\u00e9cessite une ma\u00eetrise compl\u00e8te des \u00e9l\u00e9ments entourant le projet, c'est pourquoi nous nous entourons des meilleurs sp\u00e9cialistes qui pratiquent ces activit\u00e9s depuis des d\u00e9cennies.<\/p>\n<p>Quels que soient votre nationalit\u00e9 et votre \u00e2ge, la Suisse accueille toute personne d\u00e9sireuse de contribuer \u00e0 la qualit\u00e9 de vie qui fait la r\u00e9putation du pays. <br>Cependant, il est important de rappeler que les exigences sont \u00e9lev\u00e9es. Nous ma\u00eetrisons les proc\u00e9dures expos\u00e9es pr\u00e9c\u00e9demment et vous accompagnons volontiers dans votre projet.<\/p>\t\t\t\t\t\t\t\t<\/div>\n\t\t\t\t<\/div>\n\t\t\t\t\t<\/div>\n\t\t<\/div>\n\t\t\t\t\t<\/div>\n\t\t<\/section>\n\t\t\t\t<\/div>","protected":false},"excerpt":{"rendered":"<p>R\u00e9sident suisse Toutes les nationalit\u00e9s peuvent se rendre en Suisse pour une dur\u00e9e maximale de trois mois. Au-del\u00e0, cela signifie que vous \u00eates \u00e9conomiquement actif dans le pays et cela ne peut \u00eatre autoris\u00e9 que si vous avez un permis de s\u00e9jour. Le permis de s\u00e9jour suisse n'est pas toujours un permis que l'on obtient pour une simple r\u00e9compense financi\u00e8re. ...<\/p>","protected":false},"author":10,"featured_media":0,"parent":0,"menu_order":0,"comment_status":"closed","ping_status":"closed","template":"","meta":{"footnotes":""},"class_list":["post-30362","page","type-page","status-publish","hentry"],"yoast_head":"<!-- This site is optimized with the Yoast SEO plugin v27.4 - https:\/\/yoast.com\/product\/yoast-seo-wordpress\/ -->\n<title>Swiss Residency - Edelweiss Panorama International<\/title>\n<meta name=\"robots\" content=\"index, follow, max-snippet:-1, max-image-preview:large, max-video-preview:-1\" \/>\n<link rel=\"canonical\" href=\"https:\/\/edelweiss-panorama.ch\/fr\/residence-suisse\/\" \/>\n<meta property=\"og:locale\" content=\"fr_FR\" \/>\n<meta property=\"og:type\" content=\"article\" \/>\n<meta property=\"og:title\" content=\"Swiss Residency - Edelweiss Panorama International\" \/>\n<meta property=\"og:description\" content=\"Swiss resident All nationalities are welcome to visit Switzerland for up to three months. Beyond that, it means that you are economically active in the country and this can only be allowed if you have a residence permit. The Swiss residence permit is not always a permit that is obtained for a mere financial reward. \u2026\" \/>\n<meta property=\"og:url\" content=\"https:\/\/edelweiss-panorama.ch\/fr\/residence-suisse\/\" \/>\n<meta property=\"og:site_name\" content=\"Edelweiss Panorama International\" \/>\n<meta property=\"article:publisher\" content=\"https:\/\/www.facebook.com\/edelweisspanorama\" \/>\n<meta property=\"article:modified_time\" content=\"2023-09-04T13:02:50+00:00\" \/>\n<meta name=\"twitter:card\" content=\"summary_large_image\" \/>\n<meta name=\"twitter:site\" content=\"@EPI_Swiss\" \/>\n<meta name=\"twitter:label1\" content=\"Dur\u00e9e de lecture estim\u00e9e\" \/>\n\t<meta name=\"twitter:data1\" content=\"2 minutes\" \/>\n<script type=\"application\/ld+json\" class=\"yoast-schema-graph\">{\"@context\":\"https:\\\/\\\/schema.org\",\"@graph\":[{\"@type\":\"WebPage\",\"@id\":\"https:\\\/\\\/edelweiss-panorama.ch\\\/swiss-residency\\\/\",\"url\":\"https:\\\/\\\/edelweiss-panorama.ch\\\/swiss-residency\\\/\",\"name\":\"Swiss Residency - Edelweiss Panorama International\",\"isPartOf\":{\"@id\":\"https:\\\/\\\/edelweiss-panorama.ch\\\/fr\\\/#website\"},\"datePublished\":\"2021-02-06T19:32:43+00:00\",\"dateModified\":\"2023-09-04T13:02:50+00:00\",\"breadcrumb\":{\"@id\":\"https:\\\/\\\/edelweiss-panorama.ch\\\/swiss-residency\\\/#breadcrumb\"},\"inLanguage\":\"fr-FR\",\"potentialAction\":[{\"@type\":\"ReadAction\",\"target\":[\"https:\\\/\\\/edelweiss-panorama.ch\\\/swiss-residency\\\/\"]}]},{\"@type\":\"BreadcrumbList\",\"@id\":\"https:\\\/\\\/edelweiss-panorama.ch\\\/swiss-residency\\\/#breadcrumb\",\"itemListElement\":[{\"@type\":\"ListItem\",\"position\":1,\"name\":\"Home\",\"item\":\"https:\\\/\\\/edelweiss-panorama.ch\\\/\"},{\"@type\":\"ListItem\",\"position\":2,\"name\":\"Swiss Residency\"}]},{\"@type\":\"WebSite\",\"@id\":\"https:\\\/\\\/edelweiss-panorama.ch\\\/fr\\\/#website\",\"url\":\"https:\\\/\\\/edelweiss-panorama.ch\\\/fr\\\/\",\"name\":\"Edelweiss Panorama International\",\"description\":\"Allows you to live and thrive every corner of the world.\",\"publisher\":{\"@id\":\"https:\\\/\\\/edelweiss-panorama.ch\\\/fr\\\/#organization\"},\"potentialAction\":[{\"@type\":\"SearchAction\",\"target\":{\"@type\":\"EntryPoint\",\"urlTemplate\":\"https:\\\/\\\/edelweiss-panorama.ch\\\/fr\\\/?s={search_term_string}\"},\"query-input\":{\"@type\":\"PropertyValueSpecification\",\"valueRequired\":true,\"valueName\":\"search_term_string\"}}],\"inLanguage\":\"fr-FR\"},{\"@type\":\"Organization\",\"@id\":\"https:\\\/\\\/edelweiss-panorama.ch\\\/fr\\\/#organization\",\"name\":\"Edelweiss Panorama International\",\"url\":\"https:\\\/\\\/edelweiss-panorama.ch\\\/fr\\\/\",\"logo\":{\"@type\":\"ImageObject\",\"inLanguage\":\"fr-FR\",\"@id\":\"https:\\\/\\\/edelweiss-panorama.ch\\\/fr\\\/#\\\/schema\\\/logo\\\/image\\\/\",\"url\":\"https:\\\/\\\/edelweiss-panorama.ch\\\/wp-content\\\/uploads\\\/2020\\\/04\\\/Untitled-design-1-1.png\",\"contentUrl\":\"https:\\\/\\\/edelweiss-panorama.ch\\\/wp-content\\\/uploads\\\/2020\\\/04\\\/Untitled-design-1-1.png\",\"width\":1080,\"height\":1080,\"caption\":\"Edelweiss Panorama International\"},\"image\":{\"@id\":\"https:\\\/\\\/edelweiss-panorama.ch\\\/fr\\\/#\\\/schema\\\/logo\\\/image\\\/\"},\"sameAs\":[\"https:\\\/\\\/www.facebook.com\\\/edelweisspanorama\",\"https:\\\/\\\/x.com\\\/EPI_Swiss\"]}]}<\/script>\n<!-- \/ Yoast SEO plugin. -->","yoast_head_json":{"title":"R\u00e9sidence suisse - Edelweiss Panorama International","robots":{"index":"index","follow":"follow","max-snippet":"max-snippet:-1","max-image-preview":"max-image-preview:large","max-video-preview":"max-video-preview:-1"},"canonical":"https:\/\/edelweiss-panorama.ch\/fr\/residence-suisse\/","og_locale":"fr_FR","og_type":"article","og_title":"Swiss Residency - Edelweiss Panorama International","og_description":"Swiss resident All nationalities are welcome to visit Switzerland for up to three months. Beyond that, it means that you are economically active in the country and this can only be allowed if you have a residence permit. The Swiss residence permit is not always a permit that is obtained for a mere financial reward. \u2026","og_url":"https:\/\/edelweiss-panorama.ch\/fr\/residence-suisse\/","og_site_name":"Edelweiss Panorama International","article_publisher":"https:\/\/www.facebook.com\/edelweisspanorama","article_modified_time":"2023-09-04T13:02:50+00:00","twitter_card":"summary_large_image","twitter_site":"@EPI_Swiss","twitter_misc":{"Dur\u00e9e de lecture estim\u00e9e":"2 minutes"},"schema":{"@context":"https:\/\/schema.org","@graph":[{"@type":"WebPage","@id":"https:\/\/edelweiss-panorama.ch\/swiss-residency\/","url":"https:\/\/edelweiss-panorama.ch\/swiss-residency\/","name":"R\u00e9sidence suisse - Edelweiss Panorama International","isPartOf":{"@id":"https:\/\/edelweiss-panorama.ch\/fr\/#website"},"datePublished":"2021-02-06T19:32:43+00:00","dateModified":"2023-09-04T13:02:50+00:00","breadcrumb":{"@id":"https:\/\/edelweiss-panorama.ch\/swiss-residency\/#breadcrumb"},"inLanguage":"fr-FR","potentialAction":[{"@type":"ReadAction","target":["https:\/\/edelweiss-panorama.ch\/swiss-residency\/"]}]},{"@type":"BreadcrumbList","@id":"https:\/\/edelweiss-panorama.ch\/swiss-residency\/#breadcrumb","itemListElement":[{"@type":"ListItem","position":1,"name":"Home","item":"https:\/\/edelweiss-panorama.ch\/"},{"@type":"ListItem","position":2,"name":"Swiss Residency"}]},{"@type":"WebSite","@id":"https:\/\/edelweiss-panorama.ch\/fr\/#website","url":"https:\/\/edelweiss-panorama.ch\/fr\/","name":"Edelweiss Panorama International","description":"Il vous permet de vivre et de prosp\u00e9rer aux quatre coins du monde.","publisher":{"@id":"https:\/\/edelweiss-panorama.ch\/fr\/#organization"},"potentialAction":[{"@type":"SearchAction","target":{"@type":"EntryPoint","urlTemplate":"https:\/\/edelweiss-panorama.ch\/fr\/?s={search_term_string}"},"query-input":{"@type":"PropertyValueSpecification","valueRequired":true,"valueName":"search_term_string"}}],"inLanguage":"fr-FR"},{"@type":"Organization","@id":"https:\/\/edelweiss-panorama.ch\/fr\/#organization","name":"Edelweiss Panorama International","url":"https:\/\/edelweiss-panorama.ch\/fr\/","logo":{"@type":"ImageObject","inLanguage":"fr-FR","@id":"https:\/\/edelweiss-panorama.ch\/fr\/#\/schema\/logo\/image\/","url":"https:\/\/edelweiss-panorama.ch\/wp-content\/uploads\/2020\/04\/Untitled-design-1-1.png","contentUrl":"https:\/\/edelweiss-panorama.ch\/wp-content\/uploads\/2020\/04\/Untitled-design-1-1.png","width":1080,"height":1080,"caption":"Edelweiss Panorama International"},"image":{"@id":"https:\/\/edelweiss-panorama.ch\/fr\/#\/schema\/logo\/image\/"},"sameAs":["https:\/\/www.facebook.com\/edelweisspanorama","https:\/\/x.com\/EPI_Swiss"]}]}},"_links":{"self":[{"href":"https:\/\/edelweiss-panorama.ch\/fr\/wp-json\/wp\/v2\/pages\/30362","targetHints":{"allow":["GET"]}}],"collection":[{"href":"https:\/\/edelweiss-panorama.ch\/fr\/wp-json\/wp\/v2\/pages"}],"about":[{"href":"https:\/\/edelweiss-panorama.ch\/fr\/wp-json\/wp\/v2\/types\/page"}],"author":[{"embeddable":true,"href":"https:\/\/edelweiss-panorama.ch\/fr\/wp-json\/wp\/v2\/users\/10"}],"replies":[{"embeddable":true,"href":"https:\/\/edelweiss-panorama.ch\/fr\/wp-json\/wp\/v2\/comments?post=30362"}],"version-history":[{"count":28,"href":"https:\/\/edelweiss-panorama.ch\/fr\/wp-json\/wp\/v2\/pages\/30362\/revisions"}],"predecessor-version":[{"id":36001,"href":"https:\/\/edelweiss-panorama.ch\/fr\/wp-json\/wp\/v2\/pages\/30362\/revisions\/36001"}],"wp:attachment":[{"href":"https:\/\/edelweiss-panorama.ch\/fr\/wp-json\/wp\/v2\/media?parent=30362"}],"curies":[{"name":"wp","href":"https:\/\/api.w.org\/{rel}","templated":true}]}}