{"id":33068,"date":"2022-12-07T18:28:51","date_gmt":"2022-12-07T17:28:51","guid":{"rendered":"https:\/\/edelweiss-panorama.ch\/?page_id=33068"},"modified":"2023-12-02T03:24:07","modified_gmt":"2023-12-02T02:24:07","slug":"frederic-tatu","status":"publish","type":"page","link":"https:\/\/edelweiss-panorama.ch\/fr\/frederic-tatu\/","title":{"rendered":"Fr\u00e9d\u00e9ric Tatu"},"content":{"rendered":"<div data-elementor-type=\"wp-page\" data-elementor-id=\"33068\" class=\"elementor elementor-33068\" data-elementor-post-type=\"page\">\n\t\t\t\t\t\t<section class=\"elementor-section elementor-top-section elementor-element elementor-element-d8ff5c2 elementor-section-boxed elementor-section-height-default elementor-section-height-default\" data-id=\"d8ff5c2\" data-element_type=\"section\" data-e-type=\"section\">\n\t\t\t\t\t\t<div class=\"elementor-container elementor-column-gap-default\">\n\t\t\t\t\t<div class=\"elementor-column elementor-col-33 elementor-top-column elementor-element elementor-element-dcfc089 elementor-invisible\" data-id=\"dcfc089\" data-element_type=\"column\" data-e-type=\"column\" data-settings=\"{&quot;animation&quot;:&quot;fadeInLeft&quot;}\">\n\t\t\t<div class=\"elementor-widget-wrap elementor-element-populated\">\n\t\t\t\t\t\t<div class=\"elementor-element elementor-element-4706f21 elementor-widget elementor-widget-spacer\" data-id=\"4706f21\" data-element_type=\"widget\" data-e-type=\"widget\" data-widget_type=\"spacer.default\">\n\t\t\t\t<div class=\"elementor-widget-container\">\n\t\t\t\t\t\t\t<div class=\"elementor-spacer\">\n\t\t\t<div class=\"elementor-spacer-inner\"><\/div>\n\t\t<\/div>\n\t\t\t\t\t\t<\/div>\n\t\t\t\t<\/div>\n\t\t\t\t<div class=\"elementor-element elementor-element-b2eeb31 elementor-widget elementor-widget-image\" data-id=\"b2eeb31\" data-element_type=\"widget\" data-e-type=\"widget\" data-widget_type=\"image.default\">\n\t\t\t\t<div class=\"elementor-widget-container\">\n\t\t\t\t\t\t\t\t\t\t\t\t\t\t\t<img fetchpriority=\"high\" decoding=\"async\" width=\"750\" height=\"937\" src=\"https:\/\/edelweiss-panorama.ch\/wp-content\/uploads\/2022\/09\/Frederic-Tatu-820x1024.jpg\" class=\"attachment-large size-large wp-image-32038\" alt=\"Fr\u00e9d\u00e9ric Tatu\" srcset=\"https:\/\/edelweiss-panorama.ch\/wp-content\/uploads\/2022\/09\/Frederic-Tatu-820x1024.jpg 820w, https:\/\/edelweiss-panorama.ch\/wp-content\/uploads\/2022\/09\/Frederic-Tatu-240x300.jpg 240w, https:\/\/edelweiss-panorama.ch\/wp-content\/uploads\/2022\/09\/Frederic-Tatu-768x959.jpg 768w, https:\/\/edelweiss-panorama.ch\/wp-content\/uploads\/2022\/09\/Frederic-Tatu-10x12.jpg 10w, https:\/\/edelweiss-panorama.ch\/wp-content\/uploads\/2022\/09\/Frederic-Tatu.jpg 1080w\" sizes=\"(max-width: 750px) 100vw, 750px\" \/>\t\t\t\t\t\t\t\t\t\t\t\t\t\t\t<\/div>\n\t\t\t\t<\/div>\n\t\t\t\t\t<\/div>\n\t\t<\/div>\n\t\t\t\t<div class=\"elementor-column elementor-col-66 elementor-top-column elementor-element elementor-element-01d8d11 elementor-invisible\" data-id=\"01d8d11\" data-element_type=\"column\" data-e-type=\"column\" data-settings=\"{&quot;animation&quot;:&quot;fadeInRight&quot;}\">\n\t\t\t<div class=\"elementor-widget-wrap elementor-element-populated\">\n\t\t\t\t\t\t<div class=\"elementor-element elementor-element-9d94e5c elementor-widget elementor-widget-heading\" data-id=\"9d94e5c\" data-element_type=\"widget\" data-e-type=\"widget\" data-widget_type=\"heading.default\">\n\t\t\t\t<div class=\"elementor-widget-container\">\n\t\t\t\t\t<h2 class=\"elementor-heading-title elementor-size-default\">Fr\u00e9d\u00e9ric Tatu<\/h2>\t\t\t\t<\/div>\n\t\t\t\t<\/div>\n\t\t\t\t<div class=\"elementor-element elementor-element-194791b elementor-widget elementor-widget-spacer\" data-id=\"194791b\" data-element_type=\"widget\" data-e-type=\"widget\" data-widget_type=\"spacer.default\">\n\t\t\t\t<div class=\"elementor-widget-container\">\n\t\t\t\t\t\t\t<div class=\"elementor-spacer\">\n\t\t\t<div class=\"elementor-spacer-inner\"><\/div>\n\t\t<\/div>\n\t\t\t\t\t\t<\/div>\n\t\t\t\t<\/div>\n\t\t\t\t<div class=\"elementor-element elementor-element-c30532c elementor-widget elementor-widget-heading\" data-id=\"c30532c\" data-element_type=\"widget\" data-e-type=\"widget\" data-widget_type=\"heading.default\">\n\t\t\t\t<div class=\"elementor-widget-container\">\n\t\t\t\t\t<h3 class=\"elementor-heading-title elementor-size-default\">Directeur g\u00e9n\u00e9ral<\/h3>\t\t\t\t<\/div>\n\t\t\t\t<\/div>\n\t\t\t\t<div class=\"elementor-element elementor-element-d611125 elementor-widget-divider--view-line elementor-widget elementor-widget-divider\" data-id=\"d611125\" data-element_type=\"widget\" data-e-type=\"widget\" data-widget_type=\"divider.default\">\n\t\t\t\t<div class=\"elementor-widget-container\">\n\t\t\t\t\t\t\t<div class=\"elementor-divider\">\n\t\t\t<span class=\"elementor-divider-separator\">\n\t\t\t\t\t\t<\/span>\n\t\t<\/div>\n\t\t\t\t\t\t<\/div>\n\t\t\t\t<\/div>\n\t\t\t\t<div class=\"elementor-element elementor-element-66569ba elementor-drop-cap-yes elementor-drop-cap-view-default elementor-widget elementor-widget-text-editor\" data-id=\"66569ba\" data-element_type=\"widget\" data-e-type=\"widget\" data-settings=\"{&quot;drop_cap&quot;:&quot;yes&quot;}\" data-widget_type=\"text-editor.default\">\n\t\t\t\t<div class=\"elementor-widget-container\">\n\t\t\t\t\t\t\t\t\t<p>Fr\u00e9d\u00e9ric est le cofondateur d'Edelweiss Panorama International.<\/p><p>Il est certifi\u00e9 ICEF Trained Agent Counselor (#1860). Il a \u00e9tudi\u00e9 le MBA \u00e0 l'\u00e9cole de commerce de Lausanne, en Suisse.<\/p><p>N\u00e9 \u00e0 Gen\u00e8ve, de nationalit\u00e9 fran\u00e7aise et allemande, Fr\u00e9d\u00e9ric est un jeune entrepreneur actif qui dirige plusieurs types d'entreprises en Suisse et \u00e0 l'\u00e9tranger et a \u00e9tabli des relations d'affaires et de coop\u00e9ration avec plusieurs soci\u00e9t\u00e9s internationales. Tout au long de son exp\u00e9rience professionnelle, il met souvent en avant les qualit\u00e9s de la Suisse sur le plan socio-\u00e9conomique.\u00a0<\/p><p>Il parle couramment l'allemand, le fran\u00e7ais et l'anglais et offre aux clients internationaux les conseils et l'orientation les plus professionnels sur l'exp\u00e9rience suisse. Gr\u00e2ce \u00e0 sa connaissance approfondie du syst\u00e8me suisse, il s'efforce d'offrir aux familles des solutions pratiques et efficaces, allant du conseil en mati\u00e8re d'\u00e9ducation \u00e0 l'aide \u00e0 la relocalisation en Suisse.<\/p>\t\t\t\t\t\t\t\t<\/div>\n\t\t\t\t<\/div>\n\t\t\t\t\t<\/div>\n\t\t<\/div>\n\t\t\t\t\t<\/div>\n\t\t<\/section>\n\t\t\t\t<\/div>","protected":false},"excerpt":{"rendered":"<p>Fr\u00e9d\u00e9ric Tatu Directeur g\u00e9n\u00e9ral Fr\u00e9d\u00e9ric est le co-fondateur d'Edelweiss Panorama International. Il est certifi\u00e9 ICEF Trained Agent Counselor (#1860). N\u00e9 \u00e0 Gen\u00e8ve, de nationalit\u00e9 fran\u00e7aise et allemande, Fr\u00e9d\u00e9ric est un jeune entrepreneur actif qui dirige plusieurs types d'entreprises en Suisse et \u00e0 l'\u00e9tranger et qui a \u00e9tabli des relations d'affaires...<\/p>","protected":false},"author":11,"featured_media":0,"parent":0,"menu_order":0,"comment_status":"closed","ping_status":"closed","template":"","meta":{"footnotes":""},"class_list":["post-33068","page","type-page","status-publish","hentry"],"yoast_head":"<!-- This site is optimized with the Yoast SEO plugin v27.3 - https:\/\/yoast.com\/product\/yoast-seo-wordpress\/ -->\n<title>Fr\u00e9d\u00e9ric Tatu - Edelweiss Panorama International<\/title>\n<meta name=\"robots\" content=\"index, follow, max-snippet:-1, max-image-preview:large, max-video-preview:-1\" \/>\n<link rel=\"canonical\" href=\"https:\/\/edelweiss-panorama.ch\/fr\/frederic-tatu\/\" \/>\n<meta property=\"og:locale\" content=\"fr_FR\" \/>\n<meta property=\"og:type\" content=\"article\" \/>\n<meta property=\"og:title\" content=\"Fr\u00e9d\u00e9ric Tatu - Edelweiss Panorama International\" \/>\n<meta property=\"og:description\" content=\"Fr\u00e9d\u00e9ric Tatu Managing Director Fr\u00e9d\u00e9ric is the Co-founder of Edelweiss Panorama International.He holds a certified ICEF Trained Agent Counselor (#1860). He studied MBA from Business School Lausanne, Switzerland.Born in Geneva, with French and German citizenship, Fr\u00e9d\u00e9ric is an active young entrepreneur running several different types of companies in Switzerland and abroad and has established business \u2026\" \/>\n<meta property=\"og:url\" content=\"https:\/\/edelweiss-panorama.ch\/fr\/frederic-tatu\/\" \/>\n<meta property=\"og:site_name\" content=\"Edelweiss Panorama International\" \/>\n<meta property=\"article:publisher\" content=\"https:\/\/www.facebook.com\/edelweisspanorama\" \/>\n<meta property=\"article:modified_time\" content=\"2023-12-02T02:24:07+00:00\" \/>\n<meta property=\"og:image\" content=\"https:\/\/edelweiss-panorama.ch\/wp-content\/uploads\/2022\/09\/Frederic-Tatu-820x1024.jpg\" \/>\n<meta name=\"twitter:card\" content=\"summary_large_image\" \/>\n<meta name=\"twitter:site\" content=\"@EPI_Swiss\" \/>\n<meta name=\"twitter:label1\" content=\"Dur\u00e9e de lecture estim\u00e9e\" \/>\n\t<meta name=\"twitter:data1\" content=\"1 minute\" \/>\n<script type=\"application\/ld+json\" class=\"yoast-schema-graph\">{\"@context\":\"https:\\\/\\\/schema.org\",\"@graph\":[{\"@type\":\"WebPage\",\"@id\":\"https:\\\/\\\/edelweiss-panorama.ch\\\/frederic-tatu\\\/\",\"url\":\"https:\\\/\\\/edelweiss-panorama.ch\\\/frederic-tatu\\\/\",\"name\":\"Fr\u00e9d\u00e9ric Tatu - Edelweiss Panorama International\",\"isPartOf\":{\"@id\":\"https:\\\/\\\/edelweiss-panorama.ch\\\/fr\\\/#website\"},\"primaryImageOfPage\":{\"@id\":\"https:\\\/\\\/edelweiss-panorama.ch\\\/frederic-tatu\\\/#primaryimage\"},\"image\":{\"@id\":\"https:\\\/\\\/edelweiss-panorama.ch\\\/frederic-tatu\\\/#primaryimage\"},\"thumbnailUrl\":\"https:\\\/\\\/edelweiss-panorama.ch\\\/wp-content\\\/uploads\\\/2022\\\/09\\\/Frederic-Tatu-820x1024.jpg\",\"datePublished\":\"2022-12-07T17:28:51+00:00\",\"dateModified\":\"2023-12-02T02:24:07+00:00\",\"breadcrumb\":{\"@id\":\"https:\\\/\\\/edelweiss-panorama.ch\\\/frederic-tatu\\\/#breadcrumb\"},\"inLanguage\":\"fr-FR\",\"potentialAction\":[{\"@type\":\"ReadAction\",\"target\":[\"https:\\\/\\\/edelweiss-panorama.ch\\\/frederic-tatu\\\/\"]}]},{\"@type\":\"ImageObject\",\"inLanguage\":\"fr-FR\",\"@id\":\"https:\\\/\\\/edelweiss-panorama.ch\\\/frederic-tatu\\\/#primaryimage\",\"url\":\"https:\\\/\\\/edelweiss-panorama.ch\\\/wp-content\\\/uploads\\\/2022\\\/09\\\/Frederic-Tatu-820x1024.jpg\",\"contentUrl\":\"https:\\\/\\\/edelweiss-panorama.ch\\\/wp-content\\\/uploads\\\/2022\\\/09\\\/Frederic-Tatu-820x1024.jpg\"},{\"@type\":\"BreadcrumbList\",\"@id\":\"https:\\\/\\\/edelweiss-panorama.ch\\\/frederic-tatu\\\/#breadcrumb\",\"itemListElement\":[{\"@type\":\"ListItem\",\"position\":1,\"name\":\"Home\",\"item\":\"https:\\\/\\\/edelweiss-panorama.ch\\\/\"},{\"@type\":\"ListItem\",\"position\":2,\"name\":\"Fr\u00e9d\u00e9ric Tatu\"}]},{\"@type\":\"WebSite\",\"@id\":\"https:\\\/\\\/edelweiss-panorama.ch\\\/fr\\\/#website\",\"url\":\"https:\\\/\\\/edelweiss-panorama.ch\\\/fr\\\/\",\"name\":\"Edelweiss Panorama International\",\"description\":\"Allows you to live and thrive every corner of the world.\",\"publisher\":{\"@id\":\"https:\\\/\\\/edelweiss-panorama.ch\\\/fr\\\/#organization\"},\"potentialAction\":[{\"@type\":\"SearchAction\",\"target\":{\"@type\":\"EntryPoint\",\"urlTemplate\":\"https:\\\/\\\/edelweiss-panorama.ch\\\/fr\\\/?s={search_term_string}\"},\"query-input\":{\"@type\":\"PropertyValueSpecification\",\"valueRequired\":true,\"valueName\":\"search_term_string\"}}],\"inLanguage\":\"fr-FR\"},{\"@type\":\"Organization\",\"@id\":\"https:\\\/\\\/edelweiss-panorama.ch\\\/fr\\\/#organization\",\"name\":\"Edelweiss Panorama International\",\"url\":\"https:\\\/\\\/edelweiss-panorama.ch\\\/fr\\\/\",\"logo\":{\"@type\":\"ImageObject\",\"inLanguage\":\"fr-FR\",\"@id\":\"https:\\\/\\\/edelweiss-panorama.ch\\\/fr\\\/#\\\/schema\\\/logo\\\/image\\\/\",\"url\":\"https:\\\/\\\/edelweiss-panorama.ch\\\/wp-content\\\/uploads\\\/2020\\\/04\\\/Untitled-design-1-1.png\",\"contentUrl\":\"https:\\\/\\\/edelweiss-panorama.ch\\\/wp-content\\\/uploads\\\/2020\\\/04\\\/Untitled-design-1-1.png\",\"width\":1080,\"height\":1080,\"caption\":\"Edelweiss Panorama International\"},\"image\":{\"@id\":\"https:\\\/\\\/edelweiss-panorama.ch\\\/fr\\\/#\\\/schema\\\/logo\\\/image\\\/\"},\"sameAs\":[\"https:\\\/\\\/www.facebook.com\\\/edelweisspanorama\",\"https:\\\/\\\/x.com\\\/EPI_Swiss\"]}]}<\/script>\n<!-- \/ Yoast SEO plugin. -->","yoast_head_json":{"title":"Fr\u00e9d\u00e9ric Tatu - Edelweiss Panorama International","robots":{"index":"index","follow":"follow","max-snippet":"max-snippet:-1","max-image-preview":"max-image-preview:large","max-video-preview":"max-video-preview:-1"},"canonical":"https:\/\/edelweiss-panorama.ch\/fr\/frederic-tatu\/","og_locale":"fr_FR","og_type":"article","og_title":"Fr\u00e9d\u00e9ric Tatu - Edelweiss Panorama International","og_description":"Fr\u00e9d\u00e9ric Tatu Managing Director Fr\u00e9d\u00e9ric is the Co-founder of Edelweiss Panorama International.He holds a certified ICEF Trained Agent Counselor (#1860). He studied MBA from Business School Lausanne, Switzerland.Born in Geneva, with French and German citizenship, Fr\u00e9d\u00e9ric is an active young entrepreneur running several different types of companies in Switzerland and abroad and has established business \u2026","og_url":"https:\/\/edelweiss-panorama.ch\/fr\/frederic-tatu\/","og_site_name":"Edelweiss Panorama International","article_publisher":"https:\/\/www.facebook.com\/edelweisspanorama","article_modified_time":"2023-12-02T02:24:07+00:00","og_image":[{"url":"https:\/\/edelweiss-panorama.ch\/wp-content\/uploads\/2022\/09\/Frederic-Tatu-820x1024.jpg","type":"","width":"","height":""}],"twitter_card":"summary_large_image","twitter_site":"@EPI_Swiss","twitter_misc":{"Dur\u00e9e de lecture estim\u00e9e":"1 minute"},"schema":{"@context":"https:\/\/schema.org","@graph":[{"@type":"WebPage","@id":"https:\/\/edelweiss-panorama.ch\/frederic-tatu\/","url":"https:\/\/edelweiss-panorama.ch\/frederic-tatu\/","name":"Fr\u00e9d\u00e9ric Tatu - Edelweiss Panorama International","isPartOf":{"@id":"https:\/\/edelweiss-panorama.ch\/fr\/#website"},"primaryImageOfPage":{"@id":"https:\/\/edelweiss-panorama.ch\/frederic-tatu\/#primaryimage"},"image":{"@id":"https:\/\/edelweiss-panorama.ch\/frederic-tatu\/#primaryimage"},"thumbnailUrl":"https:\/\/edelweiss-panorama.ch\/wp-content\/uploads\/2022\/09\/Frederic-Tatu-820x1024.jpg","datePublished":"2022-12-07T17:28:51+00:00","dateModified":"2023-12-02T02:24:07+00:00","breadcrumb":{"@id":"https:\/\/edelweiss-panorama.ch\/frederic-tatu\/#breadcrumb"},"inLanguage":"fr-FR","potentialAction":[{"@type":"ReadAction","target":["https:\/\/edelweiss-panorama.ch\/frederic-tatu\/"]}]},{"@type":"ImageObject","inLanguage":"fr-FR","@id":"https:\/\/edelweiss-panorama.ch\/frederic-tatu\/#primaryimage","url":"https:\/\/edelweiss-panorama.ch\/wp-content\/uploads\/2022\/09\/Frederic-Tatu-820x1024.jpg","contentUrl":"https:\/\/edelweiss-panorama.ch\/wp-content\/uploads\/2022\/09\/Frederic-Tatu-820x1024.jpg"},{"@type":"BreadcrumbList","@id":"https:\/\/edelweiss-panorama.ch\/frederic-tatu\/#breadcrumb","itemListElement":[{"@type":"ListItem","position":1,"name":"Home","item":"https:\/\/edelweiss-panorama.ch\/"},{"@type":"ListItem","position":2,"name":"Fr\u00e9d\u00e9ric Tatu"}]},{"@type":"WebSite","@id":"https:\/\/edelweiss-panorama.ch\/fr\/#website","url":"https:\/\/edelweiss-panorama.ch\/fr\/","name":"Edelweiss Panorama International","description":"Il vous permet de vivre et de prosp\u00e9rer aux quatre coins du monde.","publisher":{"@id":"https:\/\/edelweiss-panorama.ch\/fr\/#organization"},"potentialAction":[{"@type":"SearchAction","target":{"@type":"EntryPoint","urlTemplate":"https:\/\/edelweiss-panorama.ch\/fr\/?s={search_term_string}"},"query-input":{"@type":"PropertyValueSpecification","valueRequired":true,"valueName":"search_term_string"}}],"inLanguage":"fr-FR"},{"@type":"Organization","@id":"https:\/\/edelweiss-panorama.ch\/fr\/#organization","name":"Edelweiss Panorama International","url":"https:\/\/edelweiss-panorama.ch\/fr\/","logo":{"@type":"ImageObject","inLanguage":"fr-FR","@id":"https:\/\/edelweiss-panorama.ch\/fr\/#\/schema\/logo\/image\/","url":"https:\/\/edelweiss-panorama.ch\/wp-content\/uploads\/2020\/04\/Untitled-design-1-1.png","contentUrl":"https:\/\/edelweiss-panorama.ch\/wp-content\/uploads\/2020\/04\/Untitled-design-1-1.png","width":1080,"height":1080,"caption":"Edelweiss Panorama International"},"image":{"@id":"https:\/\/edelweiss-panorama.ch\/fr\/#\/schema\/logo\/image\/"},"sameAs":["https:\/\/www.facebook.com\/edelweisspanorama","https:\/\/x.com\/EPI_Swiss"]}]}},"_links":{"self":[{"href":"https:\/\/edelweiss-panorama.ch\/fr\/wp-json\/wp\/v2\/pages\/33068","targetHints":{"allow":["GET"]}}],"collection":[{"href":"https:\/\/edelweiss-panorama.ch\/fr\/wp-json\/wp\/v2\/pages"}],"about":[{"href":"https:\/\/edelweiss-panorama.ch\/fr\/wp-json\/wp\/v2\/types\/page"}],"author":[{"embeddable":true,"href":"https:\/\/edelweiss-panorama.ch\/fr\/wp-json\/wp\/v2\/users\/11"}],"replies":[{"embeddable":true,"href":"https:\/\/edelweiss-panorama.ch\/fr\/wp-json\/wp\/v2\/comments?post=33068"}],"version-history":[{"count":55,"href":"https:\/\/edelweiss-panorama.ch\/fr\/wp-json\/wp\/v2\/pages\/33068\/revisions"}],"predecessor-version":[{"id":38973,"href":"https:\/\/edelweiss-panorama.ch\/fr\/wp-json\/wp\/v2\/pages\/33068\/revisions\/38973"}],"wp:attachment":[{"href":"https:\/\/edelweiss-panorama.ch\/fr\/wp-json\/wp\/v2\/media?parent=33068"}],"curies":[{"name":"wp","href":"https:\/\/api.w.org\/{rel}","templated":true}]}}