{"id":33076,"date":"2022-12-07T18:31:50","date_gmt":"2022-12-07T17:31:50","guid":{"rendered":"https:\/\/edelweiss-panorama.ch\/?page_id=33076"},"modified":"2026-03-16T13:28:39","modified_gmt":"2026-03-16T12:28:39","slug":"lanyue-qu","status":"publish","type":"page","link":"https:\/\/edelweiss-panorama.ch\/fr\/lanyue-qu\/","title":{"rendered":"Lanyue Qu"},"content":{"rendered":"<div data-elementor-type=\"wp-page\" data-elementor-id=\"33076\" class=\"elementor elementor-33076\" data-elementor-post-type=\"page\">\n\t\t\t\t\t\t<section class=\"elementor-section elementor-top-section elementor-element elementor-element-d8ff5c2 elementor-section-boxed elementor-section-height-default elementor-section-height-default\" data-id=\"d8ff5c2\" data-element_type=\"section\" data-e-type=\"section\">\n\t\t\t\t\t\t<div class=\"elementor-container elementor-column-gap-default\">\n\t\t\t\t\t<div class=\"elementor-column elementor-col-33 elementor-top-column elementor-element elementor-element-dcfc089 elementor-invisible\" data-id=\"dcfc089\" data-element_type=\"column\" data-e-type=\"column\" data-settings=\"{&quot;animation&quot;:&quot;fadeInLeft&quot;}\">\n\t\t\t<div class=\"elementor-widget-wrap elementor-element-populated\">\n\t\t\t\t\t\t<div class=\"elementor-element elementor-element-f76262e elementor-widget elementor-widget-spacer\" data-id=\"f76262e\" data-element_type=\"widget\" data-e-type=\"widget\" data-widget_type=\"spacer.default\">\n\t\t\t\t<div class=\"elementor-widget-container\">\n\t\t\t\t\t\t\t<div class=\"elementor-spacer\">\n\t\t\t<div class=\"elementor-spacer-inner\"><\/div>\n\t\t<\/div>\n\t\t\t\t\t\t<\/div>\n\t\t\t\t<\/div>\n\t\t\t\t<div class=\"elementor-element elementor-element-b2eeb31 elementor-widget elementor-widget-image\" data-id=\"b2eeb31\" data-element_type=\"widget\" data-e-type=\"widget\" data-widget_type=\"image.default\">\n\t\t\t\t<div class=\"elementor-widget-container\">\n\t\t\t\t\t\t\t\t\t\t\t\t\t\t\t<img fetchpriority=\"high\" decoding=\"async\" width=\"750\" height=\"938\" src=\"https:\/\/edelweiss-panorama.ch\/wp-content\/uploads\/2024\/10\/QU-Lanyue-819x1024.jpg\" class=\"attachment-large size-large wp-image-44311\" alt=\"\" srcset=\"https:\/\/edelweiss-panorama.ch\/wp-content\/uploads\/2024\/10\/QU-Lanyue-819x1024.jpg 819w, https:\/\/edelweiss-panorama.ch\/wp-content\/uploads\/2024\/10\/QU-Lanyue-240x300.jpg 240w, https:\/\/edelweiss-panorama.ch\/wp-content\/uploads\/2024\/10\/QU-Lanyue-768x960.jpg 768w, https:\/\/edelweiss-panorama.ch\/wp-content\/uploads\/2024\/10\/QU-Lanyue-1229x1536.jpg 1229w, https:\/\/edelweiss-panorama.ch\/wp-content\/uploads\/2024\/10\/QU-Lanyue-10x12.jpg 10w, https:\/\/edelweiss-panorama.ch\/wp-content\/uploads\/2024\/10\/QU-Lanyue.jpg 1280w\" sizes=\"(max-width: 750px) 100vw, 750px\" \/>\t\t\t\t\t\t\t\t\t\t\t\t\t\t\t<\/div>\n\t\t\t\t<\/div>\n\t\t\t\t\t<\/div>\n\t\t<\/div>\n\t\t\t\t<div class=\"elementor-column elementor-col-66 elementor-top-column elementor-element elementor-element-01d8d11 elementor-invisible\" data-id=\"01d8d11\" data-element_type=\"column\" data-e-type=\"column\" data-settings=\"{&quot;animation&quot;:&quot;fadeInRight&quot;}\">\n\t\t\t<div class=\"elementor-widget-wrap elementor-element-populated\">\n\t\t\t\t\t\t<div class=\"elementor-element elementor-element-9d94e5c elementor-widget elementor-widget-heading\" data-id=\"9d94e5c\" data-element_type=\"widget\" data-e-type=\"widget\" data-widget_type=\"heading.default\">\n\t\t\t\t<div class=\"elementor-widget-container\">\n\t\t\t\t\t<h2 class=\"elementor-heading-title elementor-size-default\">Lanyue Qu<\/h2>\t\t\t\t<\/div>\n\t\t\t\t<\/div>\n\t\t\t\t<div class=\"elementor-element elementor-element-b6be2da elementor-widget elementor-widget-spacer\" data-id=\"b6be2da\" data-element_type=\"widget\" data-e-type=\"widget\" data-widget_type=\"spacer.default\">\n\t\t\t\t<div class=\"elementor-widget-container\">\n\t\t\t\t\t\t\t<div class=\"elementor-spacer\">\n\t\t\t<div class=\"elementor-spacer-inner\"><\/div>\n\t\t<\/div>\n\t\t\t\t\t\t<\/div>\n\t\t\t\t<\/div>\n\t\t\t\t<div class=\"elementor-element elementor-element-c30532c elementor-widget elementor-widget-heading\" data-id=\"c30532c\" data-element_type=\"widget\" data-e-type=\"widget\" data-widget_type=\"heading.default\">\n\t\t\t\t<div class=\"elementor-widget-container\">\n\t\t\t\t\t<h3 class=\"elementor-heading-title elementor-size-default\">Directeur du marketing et des admissions<\/h3>\t\t\t\t<\/div>\n\t\t\t\t<\/div>\n\t\t\t\t<div class=\"elementor-element elementor-element-3b5fdfe elementor-widget-divider--view-line elementor-widget elementor-widget-divider\" data-id=\"3b5fdfe\" data-element_type=\"widget\" data-e-type=\"widget\" data-widget_type=\"divider.default\">\n\t\t\t\t<div class=\"elementor-widget-container\">\n\t\t\t\t\t\t\t<div class=\"elementor-divider\">\n\t\t\t<span class=\"elementor-divider-separator\">\n\t\t\t\t\t\t<\/span>\n\t\t<\/div>\n\t\t\t\t\t\t<\/div>\n\t\t\t\t<\/div>\n\t\t\t\t<div class=\"elementor-element elementor-element-60d03e7 elementor-drop-cap-yes elementor-drop-cap-view-default elementor-widget elementor-widget-text-editor\" data-id=\"60d03e7\" data-element_type=\"widget\" data-e-type=\"widget\" data-settings=\"{&quot;drop_cap&quot;:&quot;yes&quot;}\" data-widget_type=\"text-editor.default\">\n\t\t\t\t<div class=\"elementor-widget-container\">\n\t\t\t\t\t\t\t\t\t<p style=\"text-align: justify;\">Lanyue est la cofondatrice d'Edelweiss Panorama International et est certifi\u00e9e ICEF Trained Agent Counselor (#1489).\u00a0<\/p><p style=\"text-align: justify;\">Elle a suivi un programme de ma\u00eetrise en droits de l'enfant \u00e0 l'universit\u00e9 de Gen\u00e8ve et est titulaire d'une licence en anglais des affaires et en litt\u00e9rature anglaise de l'universit\u00e9 de l'Union de P\u00e9kin, en anglais (TEM8).<\/p><p style=\"text-align: justify;\">Elle a trois ans d'exp\u00e9rience dans le marketing et l'image de marque de l'\u00e9ducation de la petite enfance en Chine et sept ans d'exp\u00e9rience dans les admissions, la promotion et le marketing de l'\u00e9ducation en Suisse. Elle est \u00e9galement membre du programme de formation d'\u00e9t\u00e9 de l'Independent Educational Consultants Association et consultante certifi\u00e9e de l'Association allemande d'\u00e9ducation internationale.\u00a0<\/p><p style=\"text-align: justify;\">Depuis 2015, elle a lanc\u00e9, d\u00e9velopp\u00e9 et \u00e9largi le programme d'\u00e9ducation internationale suisse, et a \u00e9tabli des partenariats \u00e9troits avec plus de 70 lyc\u00e9es et universit\u00e9s priv\u00e9s suisses, et fourni une gamme compl\u00e8te de services aux \u00e9tudiants chinois et \u00e0 leurs familles, y compris la s\u00e9lection des \u00e9coles, la tutelle des \u00e9tudiants mineurs, l'inscription aux camps d'\u00e9t\u00e9 et d'hiver, la consultation et le conseil pour la s\u00e9lection des universit\u00e9s, la s\u00e9rie de conf\u00e9rences sur les admissions dans les \u00e9coles internationales suisses, le programme de formation des conseillers en \u00e9ducation internationale suisse, et d'autres services li\u00e9s aux \u00e9tudes et \u00e0 la vie des \u00e9tudiants.<\/p>\t\t\t\t\t\t\t\t<\/div>\n\t\t\t\t<\/div>\n\t\t\t\t\t<\/div>\n\t\t<\/div>\n\t\t\t\t\t<\/div>\n\t\t<\/section>\n\t\t\t\t<\/div>","protected":false},"excerpt":{"rendered":"<p>Lanyue Qu Directrice du Marketing et des Admissions Lanyue est la cofondatrice d'Edelweiss Panorama International et est une conseill\u00e8re certifi\u00e9e ICEF Trained Agent Counselor (#1489). Elle a suivi un programme de master en droits de l'enfant \u00e0 l'Universit\u00e9 de Gen\u00e8ve et est titulaire d'une licence en anglais des affaires et en litt\u00e9rature anglaise de l'Universit\u00e9 d'Union de P\u00e9kin, anglais (TEM8). Elle a 3 ans d'exp\u00e9rience professionnelle\u2026<\/p>","protected":false},"author":10,"featured_media":0,"parent":0,"menu_order":0,"comment_status":"closed","ping_status":"closed","template":"","meta":{"footnotes":""},"class_list":["post-33076","page","type-page","status-publish","hentry"],"yoast_head":"<!-- This site is optimized with the Yoast SEO plugin v27.6 - https:\/\/yoast.com\/product\/yoast-seo-wordpress\/ -->\n<title>Lanyue Qu - Edelweiss Panorama International<\/title>\n<meta name=\"description\" content=\"Expert in Swiss education, offering admissions consulting &amp; student support services, with a background in Children\u2019s Rights and English Literature\" \/>\n<meta name=\"robots\" content=\"index, follow, max-snippet:-1, max-image-preview:large, max-video-preview:-1\" \/>\n<link rel=\"canonical\" href=\"https:\/\/edelweiss-panorama.ch\/fr\/lanyue-qu\/\" \/>\n<meta property=\"og:locale\" content=\"fr_FR\" \/>\n<meta property=\"og:type\" content=\"article\" \/>\n<meta property=\"og:title\" content=\"Lanyue Qu - Edelweiss Panorama International\" \/>\n<meta property=\"og:description\" content=\"Expert in Swiss education, offering admissions consulting &amp; student support services, with a background in Children\u2019s Rights and English Literature\" \/>\n<meta property=\"og:url\" content=\"https:\/\/edelweiss-panorama.ch\/fr\/lanyue-qu\/\" \/>\n<meta property=\"og:site_name\" content=\"Edelweiss Panorama International\" \/>\n<meta property=\"article:publisher\" content=\"https:\/\/www.facebook.com\/edelweisspanorama\" \/>\n<meta property=\"article:modified_time\" content=\"2026-03-16T12:28:39+00:00\" \/>\n<meta property=\"og:image\" content=\"https:\/\/edelweiss-panorama.ch\/wp-content\/uploads\/2024\/10\/QU-Lanyue.jpg\" \/>\n\t<meta property=\"og:image:width\" content=\"1280\" \/>\n\t<meta property=\"og:image:height\" content=\"1600\" \/>\n\t<meta property=\"og:image:type\" content=\"image\/jpeg\" \/>\n<meta name=\"twitter:card\" content=\"summary_large_image\" \/>\n<meta name=\"twitter:site\" content=\"@EPI_Swiss\" \/>\n<meta name=\"twitter:label1\" content=\"Dur\u00e9e de lecture estim\u00e9e\" \/>\n\t<meta name=\"twitter:data1\" content=\"2 minutes\" \/>\n<script type=\"application\/ld+json\" class=\"yoast-schema-graph\">{\"@context\":\"https:\\\/\\\/schema.org\",\"@graph\":[{\"@type\":\"WebPage\",\"@id\":\"https:\\\/\\\/edelweiss-panorama.ch\\\/lanyue-qu\\\/\",\"url\":\"https:\\\/\\\/edelweiss-panorama.ch\\\/lanyue-qu\\\/\",\"name\":\"Lanyue Qu - Edelweiss Panorama International\",\"isPartOf\":{\"@id\":\"https:\\\/\\\/edelweiss-panorama.ch\\\/fr\\\/#website\"},\"primaryImageOfPage\":{\"@id\":\"https:\\\/\\\/edelweiss-panorama.ch\\\/lanyue-qu\\\/#primaryimage\"},\"image\":{\"@id\":\"https:\\\/\\\/edelweiss-panorama.ch\\\/lanyue-qu\\\/#primaryimage\"},\"thumbnailUrl\":\"https:\\\/\\\/edelweiss-panorama.ch\\\/wp-content\\\/uploads\\\/2024\\\/10\\\/QU-Lanyue-819x1024.jpg\",\"datePublished\":\"2022-12-07T17:31:50+00:00\",\"dateModified\":\"2026-03-16T12:28:39+00:00\",\"description\":\"Expert in Swiss education, offering admissions consulting & student support services, with a background in Children\u2019s Rights and English Literature\",\"breadcrumb\":{\"@id\":\"https:\\\/\\\/edelweiss-panorama.ch\\\/lanyue-qu\\\/#breadcrumb\"},\"inLanguage\":\"fr-FR\",\"potentialAction\":[{\"@type\":\"ReadAction\",\"target\":[\"https:\\\/\\\/edelweiss-panorama.ch\\\/lanyue-qu\\\/\"]}]},{\"@type\":\"ImageObject\",\"inLanguage\":\"fr-FR\",\"@id\":\"https:\\\/\\\/edelweiss-panorama.ch\\\/lanyue-qu\\\/#primaryimage\",\"url\":\"https:\\\/\\\/edelweiss-panorama.ch\\\/wp-content\\\/uploads\\\/2024\\\/10\\\/QU-Lanyue-819x1024.jpg\",\"contentUrl\":\"https:\\\/\\\/edelweiss-panorama.ch\\\/wp-content\\\/uploads\\\/2024\\\/10\\\/QU-Lanyue-819x1024.jpg\"},{\"@type\":\"BreadcrumbList\",\"@id\":\"https:\\\/\\\/edelweiss-panorama.ch\\\/lanyue-qu\\\/#breadcrumb\",\"itemListElement\":[{\"@type\":\"ListItem\",\"position\":1,\"name\":\"Home\",\"item\":\"https:\\\/\\\/edelweiss-panorama.ch\\\/\"},{\"@type\":\"ListItem\",\"position\":2,\"name\":\"Lanyue Qu\"}]},{\"@type\":\"WebSite\",\"@id\":\"https:\\\/\\\/edelweiss-panorama.ch\\\/fr\\\/#website\",\"url\":\"https:\\\/\\\/edelweiss-panorama.ch\\\/fr\\\/\",\"name\":\"Edelweiss Panorama International\",\"description\":\"Allows you to live and thrive every corner of the world.\",\"publisher\":{\"@id\":\"https:\\\/\\\/edelweiss-panorama.ch\\\/fr\\\/#organization\"},\"potentialAction\":[{\"@type\":\"SearchAction\",\"target\":{\"@type\":\"EntryPoint\",\"urlTemplate\":\"https:\\\/\\\/edelweiss-panorama.ch\\\/fr\\\/?s={search_term_string}\"},\"query-input\":{\"@type\":\"PropertyValueSpecification\",\"valueRequired\":true,\"valueName\":\"search_term_string\"}}],\"inLanguage\":\"fr-FR\"},{\"@type\":\"Organization\",\"@id\":\"https:\\\/\\\/edelweiss-panorama.ch\\\/fr\\\/#organization\",\"name\":\"Edelweiss Panorama International\",\"url\":\"https:\\\/\\\/edelweiss-panorama.ch\\\/fr\\\/\",\"logo\":{\"@type\":\"ImageObject\",\"inLanguage\":\"fr-FR\",\"@id\":\"https:\\\/\\\/edelweiss-panorama.ch\\\/fr\\\/#\\\/schema\\\/logo\\\/image\\\/\",\"url\":\"https:\\\/\\\/edelweiss-panorama.ch\\\/wp-content\\\/uploads\\\/2020\\\/04\\\/Untitled-design-1-1.png\",\"contentUrl\":\"https:\\\/\\\/edelweiss-panorama.ch\\\/wp-content\\\/uploads\\\/2020\\\/04\\\/Untitled-design-1-1.png\",\"width\":1080,\"height\":1080,\"caption\":\"Edelweiss Panorama International\"},\"image\":{\"@id\":\"https:\\\/\\\/edelweiss-panorama.ch\\\/fr\\\/#\\\/schema\\\/logo\\\/image\\\/\"},\"sameAs\":[\"https:\\\/\\\/www.facebook.com\\\/edelweisspanorama\",\"https:\\\/\\\/x.com\\\/EPI_Swiss\"]}]}<\/script>\n<!-- \/ Yoast SEO plugin. -->","yoast_head_json":{"title":"Lanyue Qu - Edelweiss Panorama International","description":"Expert en \u00e9ducation suisse, offrant des services de conseil en mati\u00e8re d'admission et de soutien aux \u00e9tudiants, avec une formation en droits de l'enfant et en litt\u00e9rature anglaise.","robots":{"index":"index","follow":"follow","max-snippet":"max-snippet:-1","max-image-preview":"max-image-preview:large","max-video-preview":"max-video-preview:-1"},"canonical":"https:\/\/edelweiss-panorama.ch\/fr\/lanyue-qu\/","og_locale":"fr_FR","og_type":"article","og_title":"Lanyue Qu - Edelweiss Panorama International","og_description":"Expert in Swiss education, offering admissions consulting & student support services, with a background in Children\u2019s Rights and English Literature","og_url":"https:\/\/edelweiss-panorama.ch\/fr\/lanyue-qu\/","og_site_name":"Edelweiss Panorama International","article_publisher":"https:\/\/www.facebook.com\/edelweisspanorama","article_modified_time":"2026-03-16T12:28:39+00:00","og_image":[{"width":1280,"height":1600,"url":"https:\/\/edelweiss-panorama.ch\/wp-content\/uploads\/2024\/10\/QU-Lanyue.jpg","type":"image\/jpeg"}],"twitter_card":"summary_large_image","twitter_site":"@EPI_Swiss","twitter_misc":{"Dur\u00e9e de lecture estim\u00e9e":"2 minutes"},"schema":{"@context":"https:\/\/schema.org","@graph":[{"@type":"WebPage","@id":"https:\/\/edelweiss-panorama.ch\/lanyue-qu\/","url":"https:\/\/edelweiss-panorama.ch\/lanyue-qu\/","name":"Lanyue Qu - Edelweiss Panorama International","isPartOf":{"@id":"https:\/\/edelweiss-panorama.ch\/fr\/#website"},"primaryImageOfPage":{"@id":"https:\/\/edelweiss-panorama.ch\/lanyue-qu\/#primaryimage"},"image":{"@id":"https:\/\/edelweiss-panorama.ch\/lanyue-qu\/#primaryimage"},"thumbnailUrl":"https:\/\/edelweiss-panorama.ch\/wp-content\/uploads\/2024\/10\/QU-Lanyue-819x1024.jpg","datePublished":"2022-12-07T17:31:50+00:00","dateModified":"2026-03-16T12:28:39+00:00","description":"Expert en \u00e9ducation suisse, offrant des services de conseil en mati\u00e8re d'admission et de soutien aux \u00e9tudiants, avec une formation en droits de l'enfant et en litt\u00e9rature anglaise.","breadcrumb":{"@id":"https:\/\/edelweiss-panorama.ch\/lanyue-qu\/#breadcrumb"},"inLanguage":"fr-FR","potentialAction":[{"@type":"ReadAction","target":["https:\/\/edelweiss-panorama.ch\/lanyue-qu\/"]}]},{"@type":"ImageObject","inLanguage":"fr-FR","@id":"https:\/\/edelweiss-panorama.ch\/lanyue-qu\/#primaryimage","url":"https:\/\/edelweiss-panorama.ch\/wp-content\/uploads\/2024\/10\/QU-Lanyue-819x1024.jpg","contentUrl":"https:\/\/edelweiss-panorama.ch\/wp-content\/uploads\/2024\/10\/QU-Lanyue-819x1024.jpg"},{"@type":"BreadcrumbList","@id":"https:\/\/edelweiss-panorama.ch\/lanyue-qu\/#breadcrumb","itemListElement":[{"@type":"ListItem","position":1,"name":"Home","item":"https:\/\/edelweiss-panorama.ch\/"},{"@type":"ListItem","position":2,"name":"Lanyue Qu"}]},{"@type":"WebSite","@id":"https:\/\/edelweiss-panorama.ch\/fr\/#website","url":"https:\/\/edelweiss-panorama.ch\/fr\/","name":"Edelweiss Panorama International","description":"Il vous permet de vivre et de prosp\u00e9rer aux quatre coins du monde.","publisher":{"@id":"https:\/\/edelweiss-panorama.ch\/fr\/#organization"},"potentialAction":[{"@type":"SearchAction","target":{"@type":"EntryPoint","urlTemplate":"https:\/\/edelweiss-panorama.ch\/fr\/?s={search_term_string}"},"query-input":{"@type":"PropertyValueSpecification","valueRequired":true,"valueName":"search_term_string"}}],"inLanguage":"fr-FR"},{"@type":"Organization","@id":"https:\/\/edelweiss-panorama.ch\/fr\/#organization","name":"Edelweiss Panorama International","url":"https:\/\/edelweiss-panorama.ch\/fr\/","logo":{"@type":"ImageObject","inLanguage":"fr-FR","@id":"https:\/\/edelweiss-panorama.ch\/fr\/#\/schema\/logo\/image\/","url":"https:\/\/edelweiss-panorama.ch\/wp-content\/uploads\/2020\/04\/Untitled-design-1-1.png","contentUrl":"https:\/\/edelweiss-panorama.ch\/wp-content\/uploads\/2020\/04\/Untitled-design-1-1.png","width":1080,"height":1080,"caption":"Edelweiss Panorama International"},"image":{"@id":"https:\/\/edelweiss-panorama.ch\/fr\/#\/schema\/logo\/image\/"},"sameAs":["https:\/\/www.facebook.com\/edelweisspanorama","https:\/\/x.com\/EPI_Swiss"]}]}},"_links":{"self":[{"href":"https:\/\/edelweiss-panorama.ch\/fr\/wp-json\/wp\/v2\/pages\/33076","targetHints":{"allow":["GET"]}}],"collection":[{"href":"https:\/\/edelweiss-panorama.ch\/fr\/wp-json\/wp\/v2\/pages"}],"about":[{"href":"https:\/\/edelweiss-panorama.ch\/fr\/wp-json\/wp\/v2\/types\/page"}],"author":[{"embeddable":true,"href":"https:\/\/edelweiss-panorama.ch\/fr\/wp-json\/wp\/v2\/users\/10"}],"replies":[{"embeddable":true,"href":"https:\/\/edelweiss-panorama.ch\/fr\/wp-json\/wp\/v2\/comments?post=33076"}],"version-history":[{"count":43,"href":"https:\/\/edelweiss-panorama.ch\/fr\/wp-json\/wp\/v2\/pages\/33076\/revisions"}],"predecessor-version":[{"id":50718,"href":"https:\/\/edelweiss-panorama.ch\/fr\/wp-json\/wp\/v2\/pages\/33076\/revisions\/50718"}],"wp:attachment":[{"href":"https:\/\/edelweiss-panorama.ch\/fr\/wp-json\/wp\/v2\/media?parent=33076"}],"curies":[{"name":"wp","href":"https:\/\/api.w.org\/{rel}","templated":true}]}}