{"id":33083,"date":"2022-12-07T18:32:30","date_gmt":"2022-12-07T17:32:30","guid":{"rendered":"https:\/\/edelweiss-panorama.ch\/?page_id=33083"},"modified":"2025-01-14T11:59:42","modified_gmt":"2025-01-14T10:59:42","slug":"edouard-serre","status":"publish","type":"page","link":"https:\/\/edelweiss-panorama.ch\/fr\/edouard-serre\/","title":{"rendered":"Edouard Serre"},"content":{"rendered":"<div data-elementor-type=\"wp-page\" data-elementor-id=\"33083\" class=\"elementor elementor-33083\" data-elementor-post-type=\"page\">\n\t\t\t\t\t\t<section class=\"elementor-section elementor-top-section elementor-element elementor-element-d8ff5c2 elementor-section-boxed elementor-section-height-default elementor-section-height-default\" data-id=\"d8ff5c2\" data-element_type=\"section\" data-e-type=\"section\">\n\t\t\t\t\t\t<div class=\"elementor-container elementor-column-gap-default\">\n\t\t\t\t\t<div class=\"elementor-column elementor-col-33 elementor-top-column elementor-element elementor-element-dcfc089 elementor-invisible\" data-id=\"dcfc089\" data-element_type=\"column\" data-e-type=\"column\" data-settings=\"{&quot;animation&quot;:&quot;fadeInLeft&quot;}\">\n\t\t\t<div class=\"elementor-widget-wrap elementor-element-populated\">\n\t\t\t\t\t\t<div class=\"elementor-element elementor-element-5c35f06 elementor-widget elementor-widget-spacer\" data-id=\"5c35f06\" data-element_type=\"widget\" data-e-type=\"widget\" data-widget_type=\"spacer.default\">\n\t\t\t\t<div class=\"elementor-widget-container\">\n\t\t\t\t\t\t\t<div class=\"elementor-spacer\">\n\t\t\t<div class=\"elementor-spacer-inner\"><\/div>\n\t\t<\/div>\n\t\t\t\t\t\t<\/div>\n\t\t\t\t<\/div>\n\t\t\t\t<div class=\"elementor-element elementor-element-b2eeb31 elementor-widget elementor-widget-image\" data-id=\"b2eeb31\" data-element_type=\"widget\" data-e-type=\"widget\" data-widget_type=\"image.default\">\n\t\t\t\t<div class=\"elementor-widget-container\">\n\t\t\t\t\t\t\t\t\t\t\t\t\t\t\t<img fetchpriority=\"high\" decoding=\"async\" width=\"750\" height=\"937\" src=\"https:\/\/edelweiss-panorama.ch\/wp-content\/uploads\/2022\/09\/Edouard-Serre-820x1024.jpg\" class=\"attachment-large size-large wp-image-32037\" alt=\"Edouard Serre\" srcset=\"https:\/\/edelweiss-panorama.ch\/wp-content\/uploads\/2022\/09\/Edouard-Serre-820x1024.jpg 820w, https:\/\/edelweiss-panorama.ch\/wp-content\/uploads\/2022\/09\/Edouard-Serre-240x300.jpg 240w, https:\/\/edelweiss-panorama.ch\/wp-content\/uploads\/2022\/09\/Edouard-Serre-768x959.jpg 768w, https:\/\/edelweiss-panorama.ch\/wp-content\/uploads\/2022\/09\/Edouard-Serre-10x12.jpg 10w, https:\/\/edelweiss-panorama.ch\/wp-content\/uploads\/2022\/09\/Edouard-Serre.jpg 1080w\" sizes=\"(max-width: 750px) 100vw, 750px\" \/>\t\t\t\t\t\t\t\t\t\t\t\t\t\t\t<\/div>\n\t\t\t\t<\/div>\n\t\t\t\t\t<\/div>\n\t\t<\/div>\n\t\t\t\t<div class=\"elementor-column elementor-col-66 elementor-top-column elementor-element elementor-element-01d8d11 elementor-invisible\" data-id=\"01d8d11\" data-element_type=\"column\" data-e-type=\"column\" data-settings=\"{&quot;animation&quot;:&quot;fadeInRight&quot;}\">\n\t\t\t<div class=\"elementor-widget-wrap elementor-element-populated\">\n\t\t\t\t\t\t<div class=\"elementor-element elementor-element-9d94e5c elementor-widget elementor-widget-heading\" data-id=\"9d94e5c\" data-element_type=\"widget\" data-e-type=\"widget\" data-widget_type=\"heading.default\">\n\t\t\t\t<div class=\"elementor-widget-container\">\n\t\t\t\t\t<h2 class=\"elementor-heading-title elementor-size-default\">Edouard Serre<\/h2>\t\t\t\t<\/div>\n\t\t\t\t<\/div>\n\t\t\t\t<div class=\"elementor-element elementor-element-c30532c elementor-widget elementor-widget-heading\" data-id=\"c30532c\" data-element_type=\"widget\" data-e-type=\"widget\" data-widget_type=\"heading.default\">\n\t\t\t\t<div class=\"elementor-widget-container\">\n\t\t\t\t\t<h3 class=\"elementor-heading-title elementor-size-default\">Consultant en transports et activit\u00e9s<\/h3>\t\t\t\t<\/div>\n\t\t\t\t<\/div>\n\t\t\t\t<div class=\"elementor-element elementor-element-c604d56 elementor-widget-divider--view-line elementor-widget elementor-widget-divider\" data-id=\"c604d56\" data-element_type=\"widget\" data-e-type=\"widget\" data-widget_type=\"divider.default\">\n\t\t\t\t<div class=\"elementor-widget-container\">\n\t\t\t\t\t\t\t<div class=\"elementor-divider\">\n\t\t\t<span class=\"elementor-divider-separator\">\n\t\t\t\t\t\t<\/span>\n\t\t<\/div>\n\t\t\t\t\t\t<\/div>\n\t\t\t\t<\/div>\n\t\t\t\t<div class=\"elementor-element elementor-element-3cf1d80 elementor-drop-cap-yes elementor-drop-cap-view-default elementor-widget elementor-widget-text-editor\" data-id=\"3cf1d80\" data-element_type=\"widget\" data-e-type=\"widget\" data-settings=\"{&quot;drop_cap&quot;:&quot;yes&quot;}\" data-widget_type=\"text-editor.default\">\n\t\t\t\t<div class=\"elementor-widget-container\">\n\t\t\t\t\t\t\t\t\t<p style=\"text-align: justify;\">Edouard est n\u00e9 \u00e0 Gen\u00e8ve, d'origine fran\u00e7aise et nicaraguayenne.<br \/>Il a effectu\u00e9 sa scolarit\u00e9 dans une \u00e9cole priv\u00e9e de Gen\u00e8ve avant de poursuivre des \u00e9tudes sup\u00e9rieures dans le domaine des arts. Il coordonne les activit\u00e9s et le transport des \u00e9l\u00e8ves et de leurs familles pour le PEV.<\/p>\t\t\t\t\t\t\t\t<\/div>\n\t\t\t\t<\/div>\n\t\t\t\t\t<\/div>\n\t\t<\/div>\n\t\t\t\t\t<\/div>\n\t\t<\/section>\n\t\t\t\t<\/div>","protected":false},"excerpt":{"rendered":"<p>Edouard Serre Consultant en transport et activit\u00e9s Edouard est n\u00e9 \u00e0 Gen\u00e8ve, d'origine fran\u00e7aise et nicaraguayenne. Il a effectu\u00e9 sa scolarit\u00e9 dans une \u00e9cole priv\u00e9e de Gen\u00e8ve avant de poursuivre des \u00e9tudes sup\u00e9rieures dans le domaine des arts. Il coordonne les activit\u00e9s et le transport des \u00e9l\u00e8ves et de leurs familles pour EPI.<\/p>","protected":false},"author":11,"featured_media":0,"parent":0,"menu_order":0,"comment_status":"closed","ping_status":"closed","template":"","meta":{"footnotes":""},"class_list":["post-33083","page","type-page","status-publish","hentry"],"yoast_head":"<!-- This site is optimized with the Yoast SEO plugin v27.4 - https:\/\/yoast.com\/product\/yoast-seo-wordpress\/ -->\n<title>Edouard Serre - Edelweiss Panorama International<\/title>\n<meta name=\"robots\" content=\"index, follow, max-snippet:-1, max-image-preview:large, max-video-preview:-1\" \/>\n<link rel=\"canonical\" href=\"https:\/\/edelweiss-panorama.ch\/fr\/edouard-serre\/\" \/>\n<meta property=\"og:locale\" content=\"fr_FR\" \/>\n<meta property=\"og:type\" content=\"article\" \/>\n<meta property=\"og:title\" content=\"Edouard Serre - Edelweiss Panorama International\" \/>\n<meta property=\"og:description\" content=\"Edouard Serre Transportation &amp; Activity Consultant Edouard was born in Geneva with French and Nicaraguan origin.He spent his schooling in a private school in Geneva before pursuing higher studies in the field of arts. He coordinates the activities and transportation of students and their families for EPI.\" \/>\n<meta property=\"og:url\" content=\"https:\/\/edelweiss-panorama.ch\/fr\/edouard-serre\/\" \/>\n<meta property=\"og:site_name\" content=\"Edelweiss Panorama International\" \/>\n<meta property=\"article:publisher\" content=\"https:\/\/www.facebook.com\/edelweisspanorama\" \/>\n<meta property=\"article:modified_time\" content=\"2025-01-14T10:59:42+00:00\" \/>\n<meta property=\"og:image\" content=\"https:\/\/edelweiss-panorama.ch\/wp-content\/uploads\/2022\/09\/Edouard-Serre.jpg\" \/>\n\t<meta property=\"og:image:width\" content=\"1080\" \/>\n\t<meta property=\"og:image:height\" content=\"1349\" \/>\n\t<meta property=\"og:image:type\" content=\"image\/jpeg\" \/>\n<meta name=\"twitter:card\" content=\"summary_large_image\" \/>\n<meta name=\"twitter:site\" content=\"@EPI_Swiss\" \/>\n<meta name=\"twitter:label1\" content=\"Dur\u00e9e de lecture estim\u00e9e\" \/>\n\t<meta name=\"twitter:data1\" content=\"1 minute\" \/>\n<script type=\"application\/ld+json\" class=\"yoast-schema-graph\">{\"@context\":\"https:\\\/\\\/schema.org\",\"@graph\":[{\"@type\":\"WebPage\",\"@id\":\"https:\\\/\\\/edelweiss-panorama.ch\\\/edouard-serre\\\/\",\"url\":\"https:\\\/\\\/edelweiss-panorama.ch\\\/edouard-serre\\\/\",\"name\":\"Edouard Serre - Edelweiss Panorama International\",\"isPartOf\":{\"@id\":\"https:\\\/\\\/edelweiss-panorama.ch\\\/fr\\\/#website\"},\"primaryImageOfPage\":{\"@id\":\"https:\\\/\\\/edelweiss-panorama.ch\\\/edouard-serre\\\/#primaryimage\"},\"image\":{\"@id\":\"https:\\\/\\\/edelweiss-panorama.ch\\\/edouard-serre\\\/#primaryimage\"},\"thumbnailUrl\":\"https:\\\/\\\/edelweiss-panorama.ch\\\/wp-content\\\/uploads\\\/2022\\\/09\\\/Edouard-Serre-820x1024.jpg\",\"datePublished\":\"2022-12-07T17:32:30+00:00\",\"dateModified\":\"2025-01-14T10:59:42+00:00\",\"breadcrumb\":{\"@id\":\"https:\\\/\\\/edelweiss-panorama.ch\\\/edouard-serre\\\/#breadcrumb\"},\"inLanguage\":\"fr-FR\",\"potentialAction\":[{\"@type\":\"ReadAction\",\"target\":[\"https:\\\/\\\/edelweiss-panorama.ch\\\/edouard-serre\\\/\"]}]},{\"@type\":\"ImageObject\",\"inLanguage\":\"fr-FR\",\"@id\":\"https:\\\/\\\/edelweiss-panorama.ch\\\/edouard-serre\\\/#primaryimage\",\"url\":\"https:\\\/\\\/edelweiss-panorama.ch\\\/wp-content\\\/uploads\\\/2022\\\/09\\\/Edouard-Serre-820x1024.jpg\",\"contentUrl\":\"https:\\\/\\\/edelweiss-panorama.ch\\\/wp-content\\\/uploads\\\/2022\\\/09\\\/Edouard-Serre-820x1024.jpg\"},{\"@type\":\"BreadcrumbList\",\"@id\":\"https:\\\/\\\/edelweiss-panorama.ch\\\/edouard-serre\\\/#breadcrumb\",\"itemListElement\":[{\"@type\":\"ListItem\",\"position\":1,\"name\":\"Home\",\"item\":\"https:\\\/\\\/edelweiss-panorama.ch\\\/\"},{\"@type\":\"ListItem\",\"position\":2,\"name\":\"Edouard Serre\"}]},{\"@type\":\"WebSite\",\"@id\":\"https:\\\/\\\/edelweiss-panorama.ch\\\/fr\\\/#website\",\"url\":\"https:\\\/\\\/edelweiss-panorama.ch\\\/fr\\\/\",\"name\":\"Edelweiss Panorama International\",\"description\":\"Allows you to live and thrive every corner of the world.\",\"publisher\":{\"@id\":\"https:\\\/\\\/edelweiss-panorama.ch\\\/fr\\\/#organization\"},\"potentialAction\":[{\"@type\":\"SearchAction\",\"target\":{\"@type\":\"EntryPoint\",\"urlTemplate\":\"https:\\\/\\\/edelweiss-panorama.ch\\\/fr\\\/?s={search_term_string}\"},\"query-input\":{\"@type\":\"PropertyValueSpecification\",\"valueRequired\":true,\"valueName\":\"search_term_string\"}}],\"inLanguage\":\"fr-FR\"},{\"@type\":\"Organization\",\"@id\":\"https:\\\/\\\/edelweiss-panorama.ch\\\/fr\\\/#organization\",\"name\":\"Edelweiss Panorama International\",\"url\":\"https:\\\/\\\/edelweiss-panorama.ch\\\/fr\\\/\",\"logo\":{\"@type\":\"ImageObject\",\"inLanguage\":\"fr-FR\",\"@id\":\"https:\\\/\\\/edelweiss-panorama.ch\\\/fr\\\/#\\\/schema\\\/logo\\\/image\\\/\",\"url\":\"https:\\\/\\\/edelweiss-panorama.ch\\\/wp-content\\\/uploads\\\/2020\\\/04\\\/Untitled-design-1-1.png\",\"contentUrl\":\"https:\\\/\\\/edelweiss-panorama.ch\\\/wp-content\\\/uploads\\\/2020\\\/04\\\/Untitled-design-1-1.png\",\"width\":1080,\"height\":1080,\"caption\":\"Edelweiss Panorama International\"},\"image\":{\"@id\":\"https:\\\/\\\/edelweiss-panorama.ch\\\/fr\\\/#\\\/schema\\\/logo\\\/image\\\/\"},\"sameAs\":[\"https:\\\/\\\/www.facebook.com\\\/edelweisspanorama\",\"https:\\\/\\\/x.com\\\/EPI_Swiss\"]}]}<\/script>\n<!-- \/ Yoast SEO plugin. -->","yoast_head_json":{"title":"Edouard Serre - Edelweiss Panorama International","robots":{"index":"index","follow":"follow","max-snippet":"max-snippet:-1","max-image-preview":"max-image-preview:large","max-video-preview":"max-video-preview:-1"},"canonical":"https:\/\/edelweiss-panorama.ch\/fr\/edouard-serre\/","og_locale":"fr_FR","og_type":"article","og_title":"Edouard Serre - Edelweiss Panorama International","og_description":"Edouard Serre Transportation &amp; Activity Consultant Edouard was born in Geneva with French and Nicaraguan origin.He spent his schooling in a private school in Geneva before pursuing higher studies in the field of arts. He coordinates the activities and transportation of students and their families for EPI.","og_url":"https:\/\/edelweiss-panorama.ch\/fr\/edouard-serre\/","og_site_name":"Edelweiss Panorama International","article_publisher":"https:\/\/www.facebook.com\/edelweisspanorama","article_modified_time":"2025-01-14T10:59:42+00:00","og_image":[{"width":1080,"height":1349,"url":"https:\/\/edelweiss-panorama.ch\/wp-content\/uploads\/2022\/09\/Edouard-Serre.jpg","type":"image\/jpeg"}],"twitter_card":"summary_large_image","twitter_site":"@EPI_Swiss","twitter_misc":{"Dur\u00e9e de lecture estim\u00e9e":"1 minute"},"schema":{"@context":"https:\/\/schema.org","@graph":[{"@type":"WebPage","@id":"https:\/\/edelweiss-panorama.ch\/edouard-serre\/","url":"https:\/\/edelweiss-panorama.ch\/edouard-serre\/","name":"Edouard Serre - Edelweiss Panorama International","isPartOf":{"@id":"https:\/\/edelweiss-panorama.ch\/fr\/#website"},"primaryImageOfPage":{"@id":"https:\/\/edelweiss-panorama.ch\/edouard-serre\/#primaryimage"},"image":{"@id":"https:\/\/edelweiss-panorama.ch\/edouard-serre\/#primaryimage"},"thumbnailUrl":"https:\/\/edelweiss-panorama.ch\/wp-content\/uploads\/2022\/09\/Edouard-Serre-820x1024.jpg","datePublished":"2022-12-07T17:32:30+00:00","dateModified":"2025-01-14T10:59:42+00:00","breadcrumb":{"@id":"https:\/\/edelweiss-panorama.ch\/edouard-serre\/#breadcrumb"},"inLanguage":"fr-FR","potentialAction":[{"@type":"ReadAction","target":["https:\/\/edelweiss-panorama.ch\/edouard-serre\/"]}]},{"@type":"ImageObject","inLanguage":"fr-FR","@id":"https:\/\/edelweiss-panorama.ch\/edouard-serre\/#primaryimage","url":"https:\/\/edelweiss-panorama.ch\/wp-content\/uploads\/2022\/09\/Edouard-Serre-820x1024.jpg","contentUrl":"https:\/\/edelweiss-panorama.ch\/wp-content\/uploads\/2022\/09\/Edouard-Serre-820x1024.jpg"},{"@type":"BreadcrumbList","@id":"https:\/\/edelweiss-panorama.ch\/edouard-serre\/#breadcrumb","itemListElement":[{"@type":"ListItem","position":1,"name":"Home","item":"https:\/\/edelweiss-panorama.ch\/"},{"@type":"ListItem","position":2,"name":"Edouard Serre"}]},{"@type":"WebSite","@id":"https:\/\/edelweiss-panorama.ch\/fr\/#website","url":"https:\/\/edelweiss-panorama.ch\/fr\/","name":"Edelweiss Panorama International","description":"Il vous permet de vivre et de prosp\u00e9rer aux quatre coins du monde.","publisher":{"@id":"https:\/\/edelweiss-panorama.ch\/fr\/#organization"},"potentialAction":[{"@type":"SearchAction","target":{"@type":"EntryPoint","urlTemplate":"https:\/\/edelweiss-panorama.ch\/fr\/?s={search_term_string}"},"query-input":{"@type":"PropertyValueSpecification","valueRequired":true,"valueName":"search_term_string"}}],"inLanguage":"fr-FR"},{"@type":"Organization","@id":"https:\/\/edelweiss-panorama.ch\/fr\/#organization","name":"Edelweiss Panorama International","url":"https:\/\/edelweiss-panorama.ch\/fr\/","logo":{"@type":"ImageObject","inLanguage":"fr-FR","@id":"https:\/\/edelweiss-panorama.ch\/fr\/#\/schema\/logo\/image\/","url":"https:\/\/edelweiss-panorama.ch\/wp-content\/uploads\/2020\/04\/Untitled-design-1-1.png","contentUrl":"https:\/\/edelweiss-panorama.ch\/wp-content\/uploads\/2020\/04\/Untitled-design-1-1.png","width":1080,"height":1080,"caption":"Edelweiss Panorama International"},"image":{"@id":"https:\/\/edelweiss-panorama.ch\/fr\/#\/schema\/logo\/image\/"},"sameAs":["https:\/\/www.facebook.com\/edelweisspanorama","https:\/\/x.com\/EPI_Swiss"]}]}},"_links":{"self":[{"href":"https:\/\/edelweiss-panorama.ch\/fr\/wp-json\/wp\/v2\/pages\/33083","targetHints":{"allow":["GET"]}}],"collection":[{"href":"https:\/\/edelweiss-panorama.ch\/fr\/wp-json\/wp\/v2\/pages"}],"about":[{"href":"https:\/\/edelweiss-panorama.ch\/fr\/wp-json\/wp\/v2\/types\/page"}],"author":[{"embeddable":true,"href":"https:\/\/edelweiss-panorama.ch\/fr\/wp-json\/wp\/v2\/users\/11"}],"replies":[{"embeddable":true,"href":"https:\/\/edelweiss-panorama.ch\/fr\/wp-json\/wp\/v2\/comments?post=33083"}],"version-history":[{"count":39,"href":"https:\/\/edelweiss-panorama.ch\/fr\/wp-json\/wp\/v2\/pages\/33083\/revisions"}],"predecessor-version":[{"id":44404,"href":"https:\/\/edelweiss-panorama.ch\/fr\/wp-json\/wp\/v2\/pages\/33083\/revisions\/44404"}],"wp:attachment":[{"href":"https:\/\/edelweiss-panorama.ch\/fr\/wp-json\/wp\/v2\/media?parent=33083"}],"curies":[{"name":"wp","href":"https:\/\/api.w.org\/{rel}","templated":true}]}}