{"id":49973,"date":"2026-01-12T14:36:02","date_gmt":"2026-01-12T13:36:02","guid":{"rendered":"https:\/\/edelweiss-panorama.ch\/?page_id=49973"},"modified":"2026-01-28T18:56:12","modified_gmt":"2026-01-28T17:56:12","slug":"jacques-bounin","status":"publish","type":"page","link":"https:\/\/edelweiss-panorama.ch\/fr\/jacques-bounin\/","title":{"rendered":"Jacques Bounin"},"content":{"rendered":"<div data-elementor-type=\"wp-page\" data-elementor-id=\"49973\" class=\"elementor elementor-49973\" data-elementor-post-type=\"page\">\n\t\t\t\t\t\t<section class=\"elementor-section elementor-top-section elementor-element elementor-element-d8ff5c2 elementor-section-boxed elementor-section-height-default elementor-section-height-default\" data-id=\"d8ff5c2\" data-element_type=\"section\" data-e-type=\"section\">\n\t\t\t\t\t\t<div class=\"elementor-container elementor-column-gap-default\">\n\t\t\t\t\t<div class=\"elementor-column elementor-col-33 elementor-top-column elementor-element elementor-element-dcfc089 elementor-invisible\" data-id=\"dcfc089\" data-element_type=\"column\" data-e-type=\"column\" data-settings=\"{&quot;animation&quot;:&quot;fadeInLeft&quot;}\">\n\t\t\t<div class=\"elementor-widget-wrap elementor-element-populated\">\n\t\t\t\t\t\t<div class=\"elementor-element elementor-element-4706f21 elementor-widget elementor-widget-spacer\" data-id=\"4706f21\" data-element_type=\"widget\" data-e-type=\"widget\" data-widget_type=\"spacer.default\">\n\t\t\t\t<div class=\"elementor-widget-container\">\n\t\t\t\t\t\t\t<div class=\"elementor-spacer\">\n\t\t\t<div class=\"elementor-spacer-inner\"><\/div>\n\t\t<\/div>\n\t\t\t\t\t\t<\/div>\n\t\t\t\t<\/div>\n\t\t\t\t<div class=\"elementor-element elementor-element-b2eeb31 elementor-widget elementor-widget-image\" data-id=\"b2eeb31\" data-element_type=\"widget\" data-e-type=\"widget\" data-widget_type=\"image.default\">\n\t\t\t\t<div class=\"elementor-widget-container\">\n\t\t\t\t\t\t\t\t\t\t\t\t\t\t\t<img fetchpriority=\"high\" decoding=\"async\" width=\"750\" height=\"961\" src=\"https:\/\/edelweiss-panorama.ch\/wp-content\/uploads\/2026\/01\/Jacques-Bounin-799x1024.png\" class=\"attachment-large size-large wp-image-49965\" alt=\"Jacques Bounin\" srcset=\"https:\/\/edelweiss-panorama.ch\/wp-content\/uploads\/2026\/01\/Jacques-Bounin-799x1024.png 799w, https:\/\/edelweiss-panorama.ch\/wp-content\/uploads\/2026\/01\/Jacques-Bounin-234x300.png 234w, https:\/\/edelweiss-panorama.ch\/wp-content\/uploads\/2026\/01\/Jacques-Bounin-768x985.png 768w, https:\/\/edelweiss-panorama.ch\/wp-content\/uploads\/2026\/01\/Jacques-Bounin-9x12.png 9w, https:\/\/edelweiss-panorama.ch\/wp-content\/uploads\/2026\/01\/Jacques-Bounin.png 1024w\" sizes=\"(max-width: 750px) 100vw, 750px\" \/>\t\t\t\t\t\t\t\t\t\t\t\t\t\t\t<\/div>\n\t\t\t\t<\/div>\n\t\t\t\t\t<\/div>\n\t\t<\/div>\n\t\t\t\t<div class=\"elementor-column elementor-col-66 elementor-top-column elementor-element elementor-element-01d8d11 elementor-invisible\" data-id=\"01d8d11\" data-element_type=\"column\" data-e-type=\"column\" data-settings=\"{&quot;animation&quot;:&quot;fadeInRight&quot;}\">\n\t\t\t<div class=\"elementor-widget-wrap elementor-element-populated\">\n\t\t\t\t\t\t<div class=\"elementor-element elementor-element-9d94e5c elementor-widget elementor-widget-heading\" data-id=\"9d94e5c\" data-element_type=\"widget\" data-e-type=\"widget\" data-widget_type=\"heading.default\">\n\t\t\t\t<div class=\"elementor-widget-container\">\n\t\t\t\t\t<h2 class=\"elementor-heading-title elementor-size-default\">Jacques Bounin<\/h2>\t\t\t\t<\/div>\n\t\t\t\t<\/div>\n\t\t\t\t<div class=\"elementor-element elementor-element-194791b elementor-widget elementor-widget-spacer\" data-id=\"194791b\" data-element_type=\"widget\" data-e-type=\"widget\" data-widget_type=\"spacer.default\">\n\t\t\t\t<div class=\"elementor-widget-container\">\n\t\t\t\t\t\t\t<div class=\"elementor-spacer\">\n\t\t\t<div class=\"elementor-spacer-inner\"><\/div>\n\t\t<\/div>\n\t\t\t\t\t\t<\/div>\n\t\t\t\t<\/div>\n\t\t\t\t<div class=\"elementor-element elementor-element-c30532c elementor-widget elementor-widget-heading\" data-id=\"c30532c\" data-element_type=\"widget\" data-e-type=\"widget\" data-widget_type=\"heading.default\">\n\t\t\t\t<div class=\"elementor-widget-container\">\n\t\t\t\t\t<h3 class=\"elementor-heading-title elementor-size-default\">Conseiller principal aux admissions<\/h3>\t\t\t\t<\/div>\n\t\t\t\t<\/div>\n\t\t\t\t<div class=\"elementor-element elementor-element-d611125 elementor-widget-divider--view-line elementor-widget elementor-widget-divider\" data-id=\"d611125\" data-element_type=\"widget\" data-e-type=\"widget\" data-widget_type=\"divider.default\">\n\t\t\t\t<div class=\"elementor-widget-container\">\n\t\t\t\t\t\t\t<div class=\"elementor-divider\">\n\t\t\t<span class=\"elementor-divider-separator\">\n\t\t\t\t\t\t<\/span>\n\t\t<\/div>\n\t\t\t\t\t\t<\/div>\n\t\t\t\t<\/div>\n\t\t\t\t<div class=\"elementor-element elementor-element-66569ba elementor-drop-cap-yes elementor-drop-cap-view-default elementor-widget elementor-widget-text-editor\" data-id=\"66569ba\" data-element_type=\"widget\" data-e-type=\"widget\" data-settings=\"{&quot;drop_cap&quot;:&quot;yes&quot;}\" data-widget_type=\"text-editor.default\">\n\t\t\t\t<div class=\"elementor-widget-container\">\n\t\t\t\t\t\t\t\t\t<p>Jacques Bounin est un professionnel chevronn\u00e9 de l'\u00e9ducation qui poss\u00e8de plus de vingt ans d'exp\u00e9rience dans le domaine des admissions aux internats internationaux, du d\u00e9veloppement institutionnel et de l'engagement des familles. Il a \u00e9t\u00e9 pendant 21 ans directeur des admissions \u00e0 l'Institut Le Rosey en Suisse, l'un des internats internationaux les plus prestigieux au monde.<\/p><p data-start=\"573\" data-end=\"1095\">Au cours de son mandat au Rosey, Jacques a dirig\u00e9 l'ensemble du processus d'admission et a jou\u00e9 un r\u00f4le cl\u00e9 dans l'\u00e9laboration et la mise en \u0153uvre de strat\u00e9gies de recrutement et de positionnement \u00e0 long terme. Il a travaill\u00e9 en \u00e9troite collaboration avec des familles internationales d'origines culturelles diverses et a contribu\u00e9 \u00e0 la cr\u00e9ation et au maintien d'un corps \u00e9tudiant hautement s\u00e9lectif et repr\u00e9sentatif au niveau mondial. Il a \u00e9galement promu des programmes de camps d'\u00e9t\u00e9 pour les parents et les enfants, favorisant des environnements \u00e9ducatifs inclusifs et de haute qualit\u00e9 au-del\u00e0 de l'ann\u00e9e scolaire.<\/p><p data-start=\"1097\" data-end=\"1615\">Jacques poss\u00e8de une solide formation acad\u00e9mique dans le domaine des affaires et des \u00e9tudes quantitatives. Il est dipl\u00f4m\u00e9 de l'European Business School (EBS) et de la Chambre de commerce italienne. Il a \u00e9galement suivi un programme compl\u00e9mentaire de math\u00e9matiques \u00e0 l'universit\u00e9 de Paris. Son \u00e9ducation secondaire comprend un baccalaur\u00e9at fran\u00e7ais obtenu \u00e0 l'Institut Le Rosey, ce qui lui a permis d'acqu\u00e9rir une exp\u00e9rience directe du syst\u00e8me d'internat suisse du point de vue de l'\u00e9tudiant.<\/p><p data-start=\"1617\" data-end=\"1862\">Parlant couramment le fran\u00e7ais, l'anglais, l'allemand et l'italien, Jacques allie de solides comp\u00e9tences en communication interculturelle \u00e0 une approche pragmatique et centr\u00e9e sur l'humain de l'\u00e9ducation. Il s'int\u00e9resse personnellement \u00e0 l'aviation, puisqu'il est titulaire d'une licence de pilote VFR, et au golf.<\/p><p data-start=\"1864\" data-end=\"2143\">Au sein d'Edelweiss Panorama International, <a href=\"https:\/\/edelweiss-panorama.ch\/fr\/jacques-bounin-et-epi\/\"><span style=\"color: #0000ff;\">Jacques Bounin contribue<\/span><\/a> Il aide les familles et les partenaires \u00e0 prendre des d\u00e9cisions \u00e9clair\u00e9es et bien structur\u00e9es en mati\u00e8re d'\u00e9ducation.<\/p>\t\t\t\t\t\t\t\t<\/div>\n\t\t\t\t<\/div>\n\t\t\t\t\t<\/div>\n\t\t<\/div>\n\t\t\t\t\t<\/div>\n\t\t<\/section>\n\t\t\t\t<\/div>","protected":false},"excerpt":{"rendered":"<p>Jacques Bounin Conseiller principal aux admissions Jacques Bounin est un professionnel chevronn\u00e9 de l'\u00e9ducation qui poss\u00e8de plus de vingt ans d'exp\u00e9rience dans le domaine des admissions aux internats internationaux, du d\u00e9veloppement institutionnel et de l'engagement des familles. Il a \u00e9t\u00e9 pendant 21 ans directeur des admissions \u00e0 l'Institut Le Rosey en Suisse, l'un des internats internationaux les plus prestigieux au monde. Au cours de son mandat, il a ...<\/p>","protected":false},"author":10,"featured_media":0,"parent":0,"menu_order":0,"comment_status":"closed","ping_status":"closed","template":"","meta":{"footnotes":""},"class_list":["post-49973","page","type-page","status-publish","hentry"],"yoast_head":"<!-- This site is optimized with the Yoast SEO plugin v27.5 - https:\/\/yoast.com\/product\/yoast-seo-wordpress\/ -->\n<title>Jacques Bounin - Edelweiss Panorama International<\/title>\n<meta name=\"robots\" content=\"index, follow, max-snippet:-1, max-image-preview:large, max-video-preview:-1\" \/>\n<link rel=\"canonical\" href=\"https:\/\/edelweiss-panorama.ch\/fr\/jacques-bounin\/\" \/>\n<meta property=\"og:locale\" content=\"fr_FR\" \/>\n<meta property=\"og:type\" content=\"article\" \/>\n<meta property=\"og:title\" content=\"Jacques Bounin - Edelweiss Panorama International\" \/>\n<meta property=\"og:description\" content=\"Jacques Bounin Senior Admissions Advisor Jacques Bounin is a senior education professional with over two decades of experience in international boarding school admissions, institutional development, and family engagement. He served for 21 years as Director of Admissions at Institut Le Rosey in Switzerland, one of the world\u2019s most prestigious international boarding schools.During his tenure at \u2026\" \/>\n<meta property=\"og:url\" content=\"https:\/\/edelweiss-panorama.ch\/fr\/jacques-bounin\/\" \/>\n<meta property=\"og:site_name\" content=\"Edelweiss Panorama International\" \/>\n<meta property=\"article:publisher\" content=\"https:\/\/www.facebook.com\/edelweisspanorama\" \/>\n<meta property=\"article:modified_time\" content=\"2026-01-28T17:56:12+00:00\" \/>\n<meta property=\"og:image\" content=\"https:\/\/edelweiss-panorama.ch\/wp-content\/uploads\/2026\/01\/Jacques-Bounin-799x1024.png\" \/>\n\t<meta property=\"og:image:width\" content=\"799\" \/>\n\t<meta property=\"og:image:height\" content=\"1024\" \/>\n\t<meta property=\"og:image:type\" content=\"image\/png\" \/>\n<meta name=\"twitter:card\" content=\"summary_large_image\" \/>\n<meta name=\"twitter:site\" content=\"@EPI_Swiss\" \/>\n<meta name=\"twitter:label1\" content=\"Dur\u00e9e de lecture estim\u00e9e\" \/>\n\t<meta name=\"twitter:data1\" content=\"2 minutes\" \/>\n<script type=\"application\/ld+json\" class=\"yoast-schema-graph\">{\"@context\":\"https:\\\/\\\/schema.org\",\"@graph\":[{\"@type\":\"WebPage\",\"@id\":\"https:\\\/\\\/edelweiss-panorama.ch\\\/jacques-bounin\\\/\",\"url\":\"https:\\\/\\\/edelweiss-panorama.ch\\\/jacques-bounin\\\/\",\"name\":\"Jacques Bounin - Edelweiss Panorama International\",\"isPartOf\":{\"@id\":\"https:\\\/\\\/edelweiss-panorama.ch\\\/fr\\\/#website\"},\"primaryImageOfPage\":{\"@id\":\"https:\\\/\\\/edelweiss-panorama.ch\\\/jacques-bounin\\\/#primaryimage\"},\"image\":{\"@id\":\"https:\\\/\\\/edelweiss-panorama.ch\\\/jacques-bounin\\\/#primaryimage\"},\"thumbnailUrl\":\"https:\\\/\\\/edelweiss-panorama.ch\\\/wp-content\\\/uploads\\\/2026\\\/01\\\/Jacques-Bounin-799x1024.png\",\"datePublished\":\"2026-01-12T13:36:02+00:00\",\"dateModified\":\"2026-01-28T17:56:12+00:00\",\"breadcrumb\":{\"@id\":\"https:\\\/\\\/edelweiss-panorama.ch\\\/jacques-bounin\\\/#breadcrumb\"},\"inLanguage\":\"fr-FR\",\"potentialAction\":[{\"@type\":\"ReadAction\",\"target\":[\"https:\\\/\\\/edelweiss-panorama.ch\\\/jacques-bounin\\\/\"]}]},{\"@type\":\"ImageObject\",\"inLanguage\":\"fr-FR\",\"@id\":\"https:\\\/\\\/edelweiss-panorama.ch\\\/jacques-bounin\\\/#primaryimage\",\"url\":\"https:\\\/\\\/edelweiss-panorama.ch\\\/wp-content\\\/uploads\\\/2026\\\/01\\\/Jacques-Bounin-799x1024.png\",\"contentUrl\":\"https:\\\/\\\/edelweiss-panorama.ch\\\/wp-content\\\/uploads\\\/2026\\\/01\\\/Jacques-Bounin-799x1024.png\"},{\"@type\":\"BreadcrumbList\",\"@id\":\"https:\\\/\\\/edelweiss-panorama.ch\\\/jacques-bounin\\\/#breadcrumb\",\"itemListElement\":[{\"@type\":\"ListItem\",\"position\":1,\"name\":\"Home\",\"item\":\"https:\\\/\\\/edelweiss-panorama.ch\\\/\"},{\"@type\":\"ListItem\",\"position\":2,\"name\":\"Jacques Bounin\"}]},{\"@type\":\"WebSite\",\"@id\":\"https:\\\/\\\/edelweiss-panorama.ch\\\/fr\\\/#website\",\"url\":\"https:\\\/\\\/edelweiss-panorama.ch\\\/fr\\\/\",\"name\":\"Edelweiss Panorama International\",\"description\":\"Allows you to live and thrive every corner of the world.\",\"publisher\":{\"@id\":\"https:\\\/\\\/edelweiss-panorama.ch\\\/fr\\\/#organization\"},\"potentialAction\":[{\"@type\":\"SearchAction\",\"target\":{\"@type\":\"EntryPoint\",\"urlTemplate\":\"https:\\\/\\\/edelweiss-panorama.ch\\\/fr\\\/?s={search_term_string}\"},\"query-input\":{\"@type\":\"PropertyValueSpecification\",\"valueRequired\":true,\"valueName\":\"search_term_string\"}}],\"inLanguage\":\"fr-FR\"},{\"@type\":\"Organization\",\"@id\":\"https:\\\/\\\/edelweiss-panorama.ch\\\/fr\\\/#organization\",\"name\":\"Edelweiss Panorama International\",\"url\":\"https:\\\/\\\/edelweiss-panorama.ch\\\/fr\\\/\",\"logo\":{\"@type\":\"ImageObject\",\"inLanguage\":\"fr-FR\",\"@id\":\"https:\\\/\\\/edelweiss-panorama.ch\\\/fr\\\/#\\\/schema\\\/logo\\\/image\\\/\",\"url\":\"https:\\\/\\\/edelweiss-panorama.ch\\\/wp-content\\\/uploads\\\/2020\\\/04\\\/Untitled-design-1-1.png\",\"contentUrl\":\"https:\\\/\\\/edelweiss-panorama.ch\\\/wp-content\\\/uploads\\\/2020\\\/04\\\/Untitled-design-1-1.png\",\"width\":1080,\"height\":1080,\"caption\":\"Edelweiss Panorama International\"},\"image\":{\"@id\":\"https:\\\/\\\/edelweiss-panorama.ch\\\/fr\\\/#\\\/schema\\\/logo\\\/image\\\/\"},\"sameAs\":[\"https:\\\/\\\/www.facebook.com\\\/edelweisspanorama\",\"https:\\\/\\\/x.com\\\/EPI_Swiss\"]}]}<\/script>\n<!-- \/ Yoast SEO plugin. -->","yoast_head_json":{"title":"Jacques Bounin - Edelweiss Panorama International","robots":{"index":"index","follow":"follow","max-snippet":"max-snippet:-1","max-image-preview":"max-image-preview:large","max-video-preview":"max-video-preview:-1"},"canonical":"https:\/\/edelweiss-panorama.ch\/fr\/jacques-bounin\/","og_locale":"fr_FR","og_type":"article","og_title":"Jacques Bounin - Edelweiss Panorama International","og_description":"Jacques Bounin Senior Admissions Advisor Jacques Bounin is a senior education professional with over two decades of experience in international boarding school admissions, institutional development, and family engagement. He served for 21 years as Director of Admissions at Institut Le Rosey in Switzerland, one of the world\u2019s most prestigious international boarding schools.During his tenure at \u2026","og_url":"https:\/\/edelweiss-panorama.ch\/fr\/jacques-bounin\/","og_site_name":"Edelweiss Panorama International","article_publisher":"https:\/\/www.facebook.com\/edelweisspanorama","article_modified_time":"2026-01-28T17:56:12+00:00","og_image":[{"width":799,"height":1024,"url":"https:\/\/edelweiss-panorama.ch\/wp-content\/uploads\/2026\/01\/Jacques-Bounin-799x1024.png","type":"image\/png"}],"twitter_card":"summary_large_image","twitter_site":"@EPI_Swiss","twitter_misc":{"Dur\u00e9e de lecture estim\u00e9e":"2 minutes"},"schema":{"@context":"https:\/\/schema.org","@graph":[{"@type":"WebPage","@id":"https:\/\/edelweiss-panorama.ch\/jacques-bounin\/","url":"https:\/\/edelweiss-panorama.ch\/jacques-bounin\/","name":"Jacques Bounin - Edelweiss Panorama International","isPartOf":{"@id":"https:\/\/edelweiss-panorama.ch\/fr\/#website"},"primaryImageOfPage":{"@id":"https:\/\/edelweiss-panorama.ch\/jacques-bounin\/#primaryimage"},"image":{"@id":"https:\/\/edelweiss-panorama.ch\/jacques-bounin\/#primaryimage"},"thumbnailUrl":"https:\/\/edelweiss-panorama.ch\/wp-content\/uploads\/2026\/01\/Jacques-Bounin-799x1024.png","datePublished":"2026-01-12T13:36:02+00:00","dateModified":"2026-01-28T17:56:12+00:00","breadcrumb":{"@id":"https:\/\/edelweiss-panorama.ch\/jacques-bounin\/#breadcrumb"},"inLanguage":"fr-FR","potentialAction":[{"@type":"ReadAction","target":["https:\/\/edelweiss-panorama.ch\/jacques-bounin\/"]}]},{"@type":"ImageObject","inLanguage":"fr-FR","@id":"https:\/\/edelweiss-panorama.ch\/jacques-bounin\/#primaryimage","url":"https:\/\/edelweiss-panorama.ch\/wp-content\/uploads\/2026\/01\/Jacques-Bounin-799x1024.png","contentUrl":"https:\/\/edelweiss-panorama.ch\/wp-content\/uploads\/2026\/01\/Jacques-Bounin-799x1024.png"},{"@type":"BreadcrumbList","@id":"https:\/\/edelweiss-panorama.ch\/jacques-bounin\/#breadcrumb","itemListElement":[{"@type":"ListItem","position":1,"name":"Home","item":"https:\/\/edelweiss-panorama.ch\/"},{"@type":"ListItem","position":2,"name":"Jacques Bounin"}]},{"@type":"WebSite","@id":"https:\/\/edelweiss-panorama.ch\/fr\/#website","url":"https:\/\/edelweiss-panorama.ch\/fr\/","name":"Edelweiss Panorama International","description":"Il vous permet de vivre et de prosp\u00e9rer aux quatre coins du monde.","publisher":{"@id":"https:\/\/edelweiss-panorama.ch\/fr\/#organization"},"potentialAction":[{"@type":"SearchAction","target":{"@type":"EntryPoint","urlTemplate":"https:\/\/edelweiss-panorama.ch\/fr\/?s={search_term_string}"},"query-input":{"@type":"PropertyValueSpecification","valueRequired":true,"valueName":"search_term_string"}}],"inLanguage":"fr-FR"},{"@type":"Organization","@id":"https:\/\/edelweiss-panorama.ch\/fr\/#organization","name":"Edelweiss Panorama International","url":"https:\/\/edelweiss-panorama.ch\/fr\/","logo":{"@type":"ImageObject","inLanguage":"fr-FR","@id":"https:\/\/edelweiss-panorama.ch\/fr\/#\/schema\/logo\/image\/","url":"https:\/\/edelweiss-panorama.ch\/wp-content\/uploads\/2020\/04\/Untitled-design-1-1.png","contentUrl":"https:\/\/edelweiss-panorama.ch\/wp-content\/uploads\/2020\/04\/Untitled-design-1-1.png","width":1080,"height":1080,"caption":"Edelweiss Panorama International"},"image":{"@id":"https:\/\/edelweiss-panorama.ch\/fr\/#\/schema\/logo\/image\/"},"sameAs":["https:\/\/www.facebook.com\/edelweisspanorama","https:\/\/x.com\/EPI_Swiss"]}]}},"_links":{"self":[{"href":"https:\/\/edelweiss-panorama.ch\/fr\/wp-json\/wp\/v2\/pages\/49973","targetHints":{"allow":["GET"]}}],"collection":[{"href":"https:\/\/edelweiss-panorama.ch\/fr\/wp-json\/wp\/v2\/pages"}],"about":[{"href":"https:\/\/edelweiss-panorama.ch\/fr\/wp-json\/wp\/v2\/types\/page"}],"author":[{"embeddable":true,"href":"https:\/\/edelweiss-panorama.ch\/fr\/wp-json\/wp\/v2\/users\/10"}],"replies":[{"embeddable":true,"href":"https:\/\/edelweiss-panorama.ch\/fr\/wp-json\/wp\/v2\/comments?post=49973"}],"version-history":[{"count":19,"href":"https:\/\/edelweiss-panorama.ch\/fr\/wp-json\/wp\/v2\/pages\/49973\/revisions"}],"predecessor-version":[{"id":50266,"href":"https:\/\/edelweiss-panorama.ch\/fr\/wp-json\/wp\/v2\/pages\/49973\/revisions\/50266"}],"wp:attachment":[{"href":"https:\/\/edelweiss-panorama.ch\/fr\/wp-json\/wp\/v2\/media?parent=49973"}],"curies":[{"name":"wp","href":"https:\/\/api.w.org\/{rel}","templated":true}]}}